{"id":64281,"date":"2025-10-15T21:48:09","date_gmt":"2025-10-15T14:48:09","guid":{"rendered":"http:\/\/turismegirones.dev.mialias.net\/informations-pratiques\/mobilite\/"},"modified":"2025-12-15T22:29:15","modified_gmt":"2025-12-15T15:29:15","slug":"mobilite","status":"publish","type":"page","link":"https:\/\/turismegirones.cat\/fr\/informations-pratiques\/mobilite\/","title":{"rendered":"Mobilit\u00e9"},"content":{"rendered":"<p>[et_pb_section fb_built=\u00a0\u00bb1&Prime; _builder_version=\u00a0\u00bb4.27.4&Prime; _module_preset=\u00a0\u00bbdefault\u00a0\u00bb custom_padding=\u00a0\u00bb0px||0px||false|false\u00a0\u00bb locked=\u00a0\u00bboff\u00a0\u00bb global_colors_info=\u00a0\u00bb{}\u00a0\u00bb][et_pb_row _builder_version=\u00a0\u00bb4.27.4&Prime; _module_preset=\u00a0\u00bbdefault\u00a0\u00bb background_color=\u00a0\u00bb#8BCBBB\u00a0\u00bb width=\u00a0\u00bb100%\u00a0\u00bb max_width=\u00a0\u00bb2560px\u00a0\u00bb height=\u00a0\u00bb30px\u00a0\u00bb custom_padding=\u00a0\u00bb0px||0px||false|false\u00a0\u00bb global_colors_info=\u00a0\u00bb{}\u00a0\u00bb][et_pb_column type=\u00a0\u00bb4_4&Prime; _builder_version=\u00a0\u00bb4.27.4&Prime; _module_preset=\u00a0\u00bbdefault\u00a0\u00bb global_colors_info=\u00a0\u00bb{}\u00a0\u00bb][\/et_pb_column][\/et_pb_row][\/et_pb_section][et_pb_section fb_built=\u00a0\u00bb1&Prime; next_background_color=\u00a0\u00bb#ffffff\u00a0\u00bb _builder_version=\u00a0\u00bb4.27.4&Prime; _module_preset=\u00a0\u00bbdefault\u00a0\u00bb background_enable_color=\u00a0\u00bboff\u00a0\u00bb background_image=\u00a0\u00bbhttps:\/\/turismegirones.cat\/wp-content\/uploads\/2024\/08\/mobilitat.png\u00a0\u00bb height=\u00a0\u00bb30vh\u00a0\u00bb bottom_divider_style=\u00a0\u00bbwave\u00a0\u00bb bottom_divider_height=\u00a0\u00bb13px\u00a0\u00bb bottom_divider_repeat=\u00a0\u00bb50x\u00a0\u00bb global_colors_info=\u00a0\u00bb{}\u00a0\u00bb][\/et_pb_section][et_pb_section fb_built=\u00a0\u00bb1&Prime; _builder_version=\u00a0\u00bb4.27.4&Prime; _module_preset=\u00a0\u00bbdefault\u00a0\u00bb global_colors_info=\u00a0\u00bb{}\u00a0\u00bb][et_pb_row _builder_version=\u00a0\u00bb4.27.4&Prime; _module_preset=\u00a0\u00bbdefault\u00a0\u00bb custom_margin=\u00a0\u00bb||||false|false\u00a0\u00bb global_colors_info=\u00a0\u00bb{}\u00a0\u00bb][et_pb_column type=\u00a0\u00bb4_4&Prime; _builder_version=\u00a0\u00bb4.27.4&Prime; _module_preset=\u00a0\u00bbdefault\u00a0\u00bb global_colors_info=\u00a0\u00bb{}\u00a0\u00bb][et_pb_text _builder_version=\u00a0\u00bb4.27.4&Prime; _module_preset=\u00a0\u00bbdefault\u00a0\u00bb header_text_align=\u00a0\u00bbcenter\u00a0\u00bb global_colors_info=\u00a0\u00bb{}\u00a0\u00bb]<\/p>\n<h1>Mobilit\u00e9<\/h1>\n<p>[\/et_pb_text][et_pb_text _builder_version=\u00a0\u00bb4.27.4&Prime; _module_preset=\u00a0\u00bbdefault\u00a0\u00bb text_text_color=\u00a0\u00bb#000000&Prime; link_text_color=\u00a0\u00bb#304D5F\u00a0\u00bb hover_enabled=\u00a0\u00bb0&Prime; global_colors_info=\u00a0\u00bb{}\u00a0\u00bb sticky_enabled=\u00a0\u00bb0&Prime;]<\/p>\n<div id=\"contenedor\">\n<div>\n<h3>Bus<\/h3>\n<p><strong>G\u00c9RONE VILLE | <a href=\"https:\/\/www.girona.cat\/bus\/docs\/ATM-Girona-2024-Planol-General.pdf\">PLAN DES BUS URBAINS<\/a> | <a href=\"https:\/\/www.girona.cat\/bus\/cat\/tarifes.php\">TARIFS BUS URBAINS<\/a> | <a href=\"https:\/\/www.atmgirona.cat\/tarifes\/\">TARIFS TEISA<\/a><\/strong><\/p>\n<\/div>\n<p><strong>A\u00c9ROPORT DE G\u00c9RONE | <a href=\"https:\/\/www.sagalesairportline.com\/es\/horarios-y-precios\/girona\">TARIFS SAGAL\u00c9S<\/a> | <a href=\"https:\/\/www.atmgirona.cat\/tarifes\/\">TARIFS TEISA<\/a><\/strong><\/p>\n<p><strong>PROVINCE DE G\u00c9RONE | <a href=\"https:\/\/www.moventis.es\/es\/lineas-horarios#6\/0\">PLAN DES BUS INTERURBAINS<\/a> | <a href=\"https:\/\/www.moventis.es\/es\/tarifas\/sarfa-resta-interurbans#\">TARIFS MOVENTIS-SARFA<\/a> | <a href=\"https:\/\/www.sagalesairportline.com\/es\/horarios-y-precios\/girona\">TARIFS SAGAL\u00c9S<\/a> | <a href=\"https:\/\/ampsa.org\/serveis-regulars\">TARIFS AMPSA<\/a> | <a href=\"https:\/\/www.atmgirona.cat\/tarifes\/\">TARIFS TEISA<\/a><\/strong><\/p>\n<p><\/div>\n<h3>Train<\/h3>\n<p><\/p>\n<p><strong>PROVINCE DE G\u00c9RONE | <a href=\"https:\/\/www.adif.es\/w\/79300-girona?pageFromPlid=335\">GARE DE G\u00c9RONE<\/a> | <a href=\"https:\/\/rodalies.gencat.cat\/es\/tarifes\/servei_de_rodalia_de_girona\/nomes-rodalia\/\">TARIFS RODALIES<\/a> | <a href=\"https:\/\/www.renfe.com\/es\/ca\">TARIFS TRAIN \u00c0 GRANDE VITESSE<\/a><\/strong><\/p>\n<h3>V\u00e9hicules<\/h3>\n<p><\/p>\n<p><strong>G\u00c9RONE VILLE | <a href=\"https:\/\/umat.girona.cat\/vu\/mapa\/mobilitat\/\">PLAN DES PARKINGS<\/a> | <a href=\"https:\/\/web.girona.cat\/mobilitat\/aparcaments\/autocaravanes\">AIRE DE CAMPING-CARS<\/a> | <a href=\"https:\/\/web.girona.cat\/mobilitat\/circulacio\/restringida\">CIRCULATION RESTREINTE<\/a><\/strong><\/p>\n<h3>V\u00e9lo<\/h3>\n<p><\/p>\n<p><strong>G\u00c9RONE VILLE | <a href=\"https:\/\/web.girona.cat\/documents\/20147\/271997\/Planol-xarxa-pedalable.pdf\">PLAN DES PARKINGS ET R\u00c9SEAU CYCLABLE<\/a> | <a href=\"https:\/\/web.girona.cat\/documents\/20147\/271997\/ViesPatinets.pdf\">R\u00c8GLEMENTATION DE CIRCULATION<\/a><\/strong><\/p>\n<p>[\/et_pb_text][\/et_pb_column][\/et_pb_row][\/et_pb_section]<\/p>\n","protected":false},"excerpt":{"rendered":"<p>Mobilit\u00e9 Bus G\u00c9RONE VILLE | PLAN DES BUS URBAINS | TARIFS BUS URBAINS | TARIFS TEISA A\u00c9ROPORT DE G\u00c9RONE | TARIFS SAGAL\u00c9S | TARIFS TEISAPROVINCE DE G\u00c9RONE | PLAN DES BUS INTERURBAINS | TARIFS MOVENTIS-SARFA | TARIFS SAGAL\u00c9S | TARIFS AMPSA | TARIFS TEISATrainPROVINCE DE G\u00c9RONE | GARE DE G\u00c9RONE | TARIFS RODALIES | TARIFS [&hellip;]<\/p>\n","protected":false},"author":1,"featured_media":0,"parent":64254,"menu_order":0,"comment_status":"closed","ping_status":"closed","template":"","meta":{"_acf_changed":false,"_et_pb_use_builder":"on","_et_pb_old_content":"","_et_gb_content_width":"","footnotes":""},"class_list":["post-64281","page","type-page","status-publish","hentry"],"acf":[],"publishpress_future_action":{"enabled":false,"date":"2026-05-21 06:50:23","action":"change-status","newStatus":"draft","terms":[],"taxonomy":"translation_priority","extraData":[]},"publishpress_future_workflow_manual_trigger":{"enabledWorkflows":[]},"_links":{"self":[{"href":"https:\/\/turismegirones.cat\/fr\/wp-json\/wp\/v2\/pages\/64281","targetHints":{"allow":["GET"]}}],"collection":[{"href":"https:\/\/turismegirones.cat\/fr\/wp-json\/wp\/v2\/pages"}],"about":[{"href":"https:\/\/turismegirones.cat\/fr\/wp-json\/wp\/v2\/types\/page"}],"author":[{"embeddable":true,"href":"https:\/\/turismegirones.cat\/fr\/wp-json\/wp\/v2\/users\/1"}],"replies":[{"embeddable":true,"href":"https:\/\/turismegirones.cat\/fr\/wp-json\/wp\/v2\/comments?post=64281"}],"version-history":[{"count":2,"href":"https:\/\/turismegirones.cat\/fr\/wp-json\/wp\/v2\/pages\/64281\/revisions"}],"predecessor-version":[{"id":64283,"href":"https:\/\/turismegirones.cat\/fr\/wp-json\/wp\/v2\/pages\/64281\/revisions\/64283"}],"up":[{"embeddable":true,"href":"https:\/\/turismegirones.cat\/fr\/wp-json\/wp\/v2\/pages\/64254"}],"wp:attachment":[{"href":"https:\/\/turismegirones.cat\/fr\/wp-json\/wp\/v2\/media?parent=64281"}],"curies":[{"name":"wp","href":"https:\/\/api.w.org\/{rel}","templated":true}]}}