{"id":64266,"date":"2025-10-15T21:34:57","date_gmt":"2025-10-15T14:34:57","guid":{"rendered":"http:\/\/turismegirones.dev.mialias.net\/informations-pratiques\/accessibilite\/"},"modified":"2025-12-15T22:24:59","modified_gmt":"2025-12-15T15:24:59","slug":"accessibilite","status":"publish","type":"page","link":"https:\/\/turismegirones.cat\/fr\/informations-pratiques\/accessibilite\/","title":{"rendered":"Accessibilit\u00e9"},"content":{"rendered":"<p>[et_pb_section fb_built=\u00a0\u00bb1&Prime; _builder_version=\u00a0\u00bb4.27.4&Prime; _module_preset=\u00a0\u00bbdefault\u00a0\u00bb custom_padding=\u00a0\u00bb0px||0px||false|false\u00a0\u00bb locked=\u00a0\u00bboff\u00a0\u00bb global_colors_info=\u00a0\u00bb{}\u00a0\u00bb theme_builder_area=\u00a0\u00bbpost_content\u00a0\u00bb][et_pb_row _builder_version=\u00a0\u00bb4.27.4&Prime; _module_preset=\u00a0\u00bbdefault\u00a0\u00bb background_color=\u00a0\u00bb#8BCBBB\u00a0\u00bb width=\u00a0\u00bb100%\u00a0\u00bb max_width=\u00a0\u00bb2560px\u00a0\u00bb height=\u00a0\u00bb30px\u00a0\u00bb custom_padding=\u00a0\u00bb0px||0px||false|false\u00a0\u00bb global_colors_info=\u00a0\u00bb{}\u00a0\u00bb theme_builder_area=\u00a0\u00bbpost_content\u00a0\u00bb][et_pb_column type=\u00a0\u00bb4_4&Prime; _builder_version=\u00a0\u00bb4.27.4&Prime; _module_preset=\u00a0\u00bbdefault\u00a0\u00bb global_colors_info=\u00a0\u00bb{}\u00a0\u00bb theme_builder_area=\u00a0\u00bbpost_content\u00a0\u00bb][\/et_pb_column][\/et_pb_row][\/et_pb_section][et_pb_section fb_built=\u00a0\u00bb1&Prime; next_background_color=\u00a0\u00bb#ffffff\u00a0\u00bb _builder_version=\u00a0\u00bb4.27.4&Prime; _module_preset=\u00a0\u00bbdefault\u00a0\u00bb background_enable_color=\u00a0\u00bboff\u00a0\u00bb background_image=\u00a0\u00bbhttps:\/\/turismegirones.cat\/wp-content\/uploads\/2024\/08\/accessibilitat.png\u00a0\u00bb height=\u00a0\u00bb30vh\u00a0\u00bb bottom_divider_style=\u00a0\u00bbwave\u00a0\u00bb bottom_divider_height=\u00a0\u00bb13px\u00a0\u00bb bottom_divider_repeat=\u00a0\u00bb50x\u00a0\u00bb hover_enabled=\u00a0\u00bb0&Prime; global_colors_info=\u00a0\u00bb{}\u00a0\u00bb theme_builder_area=\u00a0\u00bbpost_content\u00a0\u00bb title_text=\u00a0\u00bbaccessibilitat\u00a0\u00bb sticky_enabled=\u00a0\u00bb0&Prime;][\/et_pb_section][et_pb_section fb_built=\u00a0\u00bb1&Prime; _builder_version=\u00a0\u00bb4.27.4&Prime; _module_preset=\u00a0\u00bbdefault\u00a0\u00bb global_colors_info=\u00a0\u00bb{}\u00a0\u00bb theme_builder_area=\u00a0\u00bbpost_content\u00a0\u00bb][et_pb_row _builder_version=\u00a0\u00bb4.27.4&Prime; _module_preset=\u00a0\u00bbdefault\u00a0\u00bb custom_margin=\u00a0\u00bb||||false|false\u00a0\u00bb global_colors_info=\u00a0\u00bb{}\u00a0\u00bb theme_builder_area=\u00a0\u00bbpost_content\u00a0\u00bb][et_pb_column type=\u00a0\u00bb4_4&Prime; _builder_version=\u00a0\u00bb4.27.4&Prime; _module_preset=\u00a0\u00bbdefault\u00a0\u00bb global_colors_info=\u00a0\u00bb{}\u00a0\u00bb theme_builder_area=\u00a0\u00bbpost_content\u00a0\u00bb][et_pb_text _builder_version=\u00a0\u00bb4.27.4&Prime; _module_preset=\u00a0\u00bbdefault\u00a0\u00bb header_text_align=\u00a0\u00bbcenter\u00a0\u00bb global_colors_info=\u00a0\u00bb{}\u00a0\u00bb theme_builder_area=\u00a0\u00bbpost_content\u00a0\u00bb]<\/p>\n<h1>Accessibilit\u00e9<\/h1>\n<p>[\/et_pb_text][et_pb_text _builder_version=\u00a0\u00bb4.27.4&Prime; _module_preset=\u00a0\u00bbdefault\u00a0\u00bb text_text_color=\u00a0\u00bb#000000&Prime; link_text_color=\u00a0\u00bb#304D5F\u00a0\u00bb hover_enabled=\u00a0\u00bb0&Prime; global_colors_info=\u00a0\u00bb{}\u00a0\u00bb theme_builder_area=\u00a0\u00bbpost_content\u00a0\u00bb sticky_enabled=\u00a0\u00bb0&Prime;]<\/p>\n<p>G\u00e9rone dispose de places de stationnement et de zones r\u00e9serv\u00e9es aux personnes \u00e0 mobilit\u00e9 r\u00e9duite r\u00e9parties dans toute la ville. On y trouve \u00e9galement des feux de signalisation \u00e9quip\u00e9s de dispositifs sonores pour les pi\u00e9tons ainsi qu\u2019un service de location de scooters \u00e9lectriques.<\/p>\n<p><\/p>\n<p>&nbsp;<\/p>\n<p>[\/et_pb_text][et_pb_text _builder_version=\u00a0\u00bb4.27.4&Prime; _module_preset=\u00a0\u00bbdefault\u00a0\u00bb text_text_color=\u00a0\u00bb#000000&Prime; link_text_color=\u00a0\u00bb#304D5F\u00a0\u00bb hover_enabled=\u00a0\u00bb0&Prime; global_colors_info=\u00a0\u00bb{}\u00a0\u00bb theme_builder_area=\u00a0\u00bbpost_content\u00a0\u00bb sticky_enabled=\u00a0\u00bb0&Prime;]<\/p>\n<p><strong>Itin\u00e9raires accessibles<\/strong><\/p>\n<p><\/p>\n<p>Guide touristique : <a href=\"https:\/\/www.girona.cat\/shared\/admin\/docs\/g\/u\/guia_turisme_girona.cat.pdf\">G\u00e9rone pour tous<\/a> \u2013 <a href=\"https:\/\/web.girona.cat\/mobilitat\/taxis\">Service de taxis adapt\u00e9s<\/a> \u2013 <a href=\"https:\/\/www.aena.es\/ca\/girona-costa-brava\/serveis-de-l-aeroport\/servei-assistencia-sense-barreres.html\">Service d\u2019assistance Sans Barri\u00e8res \u00e0 l\u2019a\u00e9roport de G\u00e9rone\u2013Costa Brava<\/a><\/p>\n<p><\/p>\n<p>G\u00e9rone accessible : <a href=\"https:\/\/www.girona.cat\/shared\/admin\/docs\/p\/l\/planol_turisme_accessible_2021.pdf\">Plan de la ville<\/a> \u2013 <a href=\"https:\/\/www.girona.cat\/turisme\/cat\/accessibilitat.php?tipus=vis#resultats\">Ressources touristiques<\/a> \u2013 <a href=\"https:\/\/umat.girona.cat\/vu\/mapa\/mobilitat\/\">Parkings<\/a> \u2013 <a href=\"https:\/\/web.girona.cat\/documents\/20147\/271997\/2023-semafors-Once-ubicacio.pdf\">Feux sonores<\/a> \u2013 <a href=\"https:\/\/www.ortopediabosch.com\/ca\/mobilitat\/escuters-electrics\">Location d\u2019\u00e9quipements<\/a><\/p>\n<p><\/p>\n<p>Itin\u00e9raires naturels : <a href=\"https:\/\/www.girona.cat\/turisme\/docs\/ribes_ter_devesa.cat.pdf\">Rives du Ter \u2013 Devesa<\/a> \u2013 <a href=\"https:\/\/www.girona.cat\/turisme\/docs\/hortes_santa_eugenia.cat.pdf\">Jardins de Santa Eug\u00e8nia<\/a><\/p>\n<p><\/p>\n<p>Costa Brava accessible : <a href=\"https:\/\/issuu.com\/costabravapirineugirona\/docs\/mapaaccessible\">Plan de la province<\/a> \u2013 <a href=\"https:\/\/issuu.com\/costabravapirineugirona\/docs\/accessible_beaches\">Plages accessibles<\/a> \u2013 <a href=\"https:\/\/costabrava.org\/experiencies\/experiencies-inclusives\/\">Exp\u00e9riences inclusives<\/a><\/p>\n<p>[\/et_pb_text][\/et_pb_column][\/et_pb_row][\/et_pb_section]<\/p>\n","protected":false},"excerpt":{"rendered":"<p>Accessibilit\u00e9G\u00e9rone dispose de places de stationnement et de zones r\u00e9serv\u00e9es aux personnes \u00e0 mobilit\u00e9 r\u00e9duite r\u00e9parties dans toute la ville. On y trouve \u00e9galement des feux de signalisation \u00e9quip\u00e9s de dispositifs sonores pour les pi\u00e9tons ainsi qu\u2019un service de location de scooters \u00e9lectriques.&nbsp;Itin\u00e9raires accessiblesGuide touristique : G\u00e9rone pour tous \u2013 Service de taxis adapt\u00e9s \u2013 [&hellip;]<\/p>\n","protected":false},"author":1,"featured_media":0,"parent":64254,"menu_order":0,"comment_status":"closed","ping_status":"closed","template":"","meta":{"_acf_changed":false,"_et_pb_use_builder":"on","_et_pb_old_content":"","_et_gb_content_width":"","footnotes":""},"class_list":["post-64266","page","type-page","status-publish","hentry"],"acf":[],"publishpress_future_action":{"enabled":false,"date":"2026-05-21 06:36:16","action":"change-status","newStatus":"draft","terms":[],"taxonomy":"translation_priority","extraData":[]},"publishpress_future_workflow_manual_trigger":{"enabledWorkflows":[]},"_links":{"self":[{"href":"https:\/\/turismegirones.cat\/fr\/wp-json\/wp\/v2\/pages\/64266","targetHints":{"allow":["GET"]}}],"collection":[{"href":"https:\/\/turismegirones.cat\/fr\/wp-json\/wp\/v2\/pages"}],"about":[{"href":"https:\/\/turismegirones.cat\/fr\/wp-json\/wp\/v2\/types\/page"}],"author":[{"embeddable":true,"href":"https:\/\/turismegirones.cat\/fr\/wp-json\/wp\/v2\/users\/1"}],"replies":[{"embeddable":true,"href":"https:\/\/turismegirones.cat\/fr\/wp-json\/wp\/v2\/comments?post=64266"}],"version-history":[{"count":2,"href":"https:\/\/turismegirones.cat\/fr\/wp-json\/wp\/v2\/pages\/64266\/revisions"}],"predecessor-version":[{"id":64268,"href":"https:\/\/turismegirones.cat\/fr\/wp-json\/wp\/v2\/pages\/64266\/revisions\/64268"}],"up":[{"embeddable":true,"href":"https:\/\/turismegirones.cat\/fr\/wp-json\/wp\/v2\/pages\/64254"}],"wp:attachment":[{"href":"https:\/\/turismegirones.cat\/fr\/wp-json\/wp\/v2\/media?parent=64266"}],"curies":[{"name":"wp","href":"https:\/\/api.w.org\/{rel}","templated":true}]}}