{"id":112051,"date":"2026-01-26T14:01:25","date_gmt":"2026-01-26T13:01:25","guid":{"rendered":"https:\/\/turismegirones.cat\/?page_id=112051"},"modified":"2026-02-13T09:39:51","modified_gmt":"2026-02-13T08:39:51","slug":"patrimoine-culturel-2","status":"publish","type":"page","link":"https:\/\/turismegirones.cat\/fr\/patrimoine-culturel-2\/","title":{"rendered":"Escapades"},"content":{"rendered":"<p>[et_pb_section fb_built=\u00a0\u00bb1&Prime; _builder_version=\u00a0\u00bb4.27.4&Prime; _module_preset=\u00a0\u00bbdefault\u00a0\u00bb custom_padding=\u00a0\u00bb0px||0px||false|false\u00a0\u00bb locked=\u00a0\u00bboff\u00a0\u00bb global_colors_info=\u00a0\u00bb{}\u00a0\u00bb][et_pb_row _builder_version=\u00a0\u00bb4.27.4&Prime; _module_preset=\u00a0\u00bbdefault\u00a0\u00bb background_color=\u00a0\u00bb#fbbf6c\u00a0\u00bb width=\u00a0\u00bb100%\u00a0\u00bb max_width=\u00a0\u00bb2560px\u00a0\u00bb height=\u00a0\u00bb30px\u00a0\u00bb custom_padding=\u00a0\u00bb0px||0px||false|false\u00a0\u00bb global_colors_info=\u00a0\u00bb{}\u00a0\u00bb][et_pb_column type=\u00a0\u00bb4_4&Prime; _builder_version=\u00a0\u00bb4.27.4&Prime; _module_preset=\u00a0\u00bbdefault\u00a0\u00bb global_colors_info=\u00a0\u00bb{}\u00a0\u00bb][\/et_pb_column][\/et_pb_row][\/et_pb_section][et_pb_section fb_built=\u00a0\u00bb1&Prime; next_background_color=\u00a0\u00bb#ffffff\u00a0\u00bb _builder_version=\u00a0\u00bb4.27.4&Prime; _module_preset=\u00a0\u00bbdefault\u00a0\u00bb background_enable_color=\u00a0\u00bboff\u00a0\u00bb background_image=\u00a0\u00bbhttps:\/\/turismegirones.cat\/wp-content\/uploads\/2018\/07\/banysarabs2_capsalera.jpg\u00a0\u00bb height=\u00a0\u00bb30vh\u00a0\u00bb bottom_divider_style=\u00a0\u00bbwave\u00a0\u00bb bottom_divider_height=\u00a0\u00bb13px\u00a0\u00bb bottom_divider_repeat=\u00a0\u00bb50x\u00a0\u00bb global_colors_info=\u00a0\u00bb{}\u00a0\u00bb][\/et_pb_section][et_pb_section fb_built=\u00a0\u00bb1&Prime; _builder_version=\u00a0\u00bb4.27.4&Prime; _module_preset=\u00a0\u00bbdefault\u00a0\u00bb global_colors_info=\u00a0\u00bb{}\u00a0\u00bb][et_pb_row _builder_version=\u00a0\u00bb4.27.4&Prime; _module_preset=\u00a0\u00bbdefault\u00a0\u00bb custom_margin=\u00a0\u00bb||||false|false\u00a0\u00bb global_colors_info=\u00a0\u00bb{}\u00a0\u00bb][et_pb_column type=\u00a0\u00bb4_4&Prime; _builder_version=\u00a0\u00bb4.27.4&Prime; _module_preset=\u00a0\u00bbdefault\u00a0\u00bb global_colors_info=\u00a0\u00bb{}\u00a0\u00bb][et_pb_text _builder_version=\u00a0\u00bb4.27.4&Prime; _module_preset=\u00a0\u00bbdefault\u00a0\u00bb header_text_align=\u00a0\u00bbcenter\u00a0\u00bb global_colors_info=\u00a0\u00bb{}\u00a0\u00bb]<\/p>\n<h1>Escapades<\/h1>\n<p>[\/et_pb_text][et_pb_text _builder_version=\u00a0\u00bb4.27.4&Prime; _module_preset=\u00a0\u00bbdefault\u00a0\u00bb link_font=\u00a0\u00bb|700|||||||\u00a0\u00bb link_text_color=\u00a0\u00bb#304D5F\u00a0\u00bb text_orientation=\u00a0\u00bbcenter\u00a0\u00bb width=\u00a0\u00bb75%\u00a0\u00bb module_alignment=\u00a0\u00bbcenter\u00a0\u00bb global_colors_info=\u00a0\u00bb{}\u00a0\u00bb]<\/p>\n<p>D\u00e9couvrez le Giron\u00e8s \u00e0 travers des propositions th\u00e9matiques con\u00e7ues pour profiter du territoire en toute s\u00e9r\u00e9nit\u00e9, en combinant patrimoine, nature, gastronomie et exp\u00e9riences pour le vivre \u00e0 votre rythme.<\/p>\n<p>[\/et_pb_text][\/et_pb_column][\/et_pb_row][\/et_pb_section][et_pb_section fb_built=\u00a0\u00bb1&Prime; _builder_version=\u00a0\u00bb4.27.4&Prime; _module_preset=\u00a0\u00bbdefault\u00a0\u00bb custom_padding=\u00a0\u00bb0px||||false|false\u00a0\u00bb locked=\u00a0\u00bboff\u00a0\u00bb global_colors_info=\u00a0\u00bb{}\u00a0\u00bb][et_pb_row module_class=\u00a0\u00bbmunicipis-grid\u00a0\u00bb _builder_version=\u00a0\u00bb4.27.4&Prime; _module_preset=\u00a0\u00bbdefault\u00a0\u00bb global_colors_info=\u00a0\u00bb{}\u00a0\u00bb][et_pb_column type=\u00a0\u00bb4_4&Prime; _builder_version=\u00a0\u00bb4.27.4&Prime; _module_preset=\u00a0\u00bbdefault\u00a0\u00bb global_colors_info=\u00a0\u00bb{}\u00a0\u00bb][et_pb_code _builder_version=\u00a0\u00bb4.27.5&Prime; _module_preset=\u00a0\u00bbdefault\u00a0\u00bb hover_enabled=\u00a0\u00bb0&Prime; global_colors_info=\u00a0\u00bb{}\u00a0\u00bb sticky_enabled=\u00a0\u00bb0&Prime;]<pee><div class=\"pv-grid\"><article class=\"pv-card\"><a class=\"pv-thumb\" href=\"https:\/\/turismegirones.cat\/fr\/punt_visita\/escapada-arqueologica\/\"><img decoding=\"async\" width=\"1024\" height=\"673\" src=\"https:\/\/turismegirones.cat\/wp-content\/uploads\/2026\/02\/Sant-Julia-de-Ramis.Castellum-Fractum-1024x673.jpg\" class=\"pv-img\" alt=\"\" loading=\"lazy\" srcset=\"https:\/\/turismegirones.cat\/wp-content\/uploads\/2026\/02\/Sant-Julia-de-Ramis.Castellum-Fractum-980x644.jpg 980w, https:\/\/turismegirones.cat\/wp-content\/uploads\/2026\/02\/Sant-Julia-de-Ramis.Castellum-Fractum-480x315.jpg 480w\" sizes=\"(min-width: 0px) and (max-width: 480px) 480px, (min-width: 481px) and (max-width: 980px) 980px, (min-width: 981px) 1024px, 100vw\" \/><\/a><div class=\"pv-body\"><h3 class=\"pv-title\"><a href=\"https:\/\/turismegirones.cat\/fr\/punt_visita\/escapada-arqueologica\/\">Escapade Arch\u00e9ologique<\/a><\/h3><a class=\"pv-more\" href=\"https:\/\/turismegirones.cat\/fr\/punt_visita\/escapada-arqueologica\/\">Plus d&#039;informations<\/a><\/div><\/article><article class=\"pv-card\"><a class=\"pv-thumb\" href=\"https:\/\/turismegirones.cat\/fr\/punt_visita\/escapada-dartesania-i-industria\/\"><img decoding=\"async\" width=\"683\" height=\"1024\" src=\"https:\/\/turismegirones.cat\/wp-content\/uploads\/2025\/12\/Flaca-Central-riera-Vinals-WEB-12-683x1024.jpg\" class=\"pv-img\" alt=\"\" loading=\"lazy\" srcset=\"https:\/\/turismegirones.cat\/wp-content\/uploads\/2025\/12\/Flaca-Central-riera-Vinals-WEB-12-683x1024.jpg 683w, https:\/\/turismegirones.cat\/wp-content\/uploads\/2025\/12\/Flaca-Central-riera-Vinals-WEB-12-480x720.jpg 480w\" sizes=\"(min-width: 0px) and (max-width: 480px) 480px, (min-width: 481px) 683px, 100vw\" \/><\/a><div class=\"pv-body\"><h3 class=\"pv-title\"><a href=\"https:\/\/turismegirones.cat\/fr\/punt_visita\/escapada-dartesania-i-industria\/\">Escapade Artisanat et industrie<\/a><\/h3><a class=\"pv-more\" href=\"https:\/\/turismegirones.cat\/fr\/punt_visita\/escapada-dartesania-i-industria\/\">Plus d&#039;informations<\/a><\/div><\/article><article class=\"pv-card\"><a class=\"pv-thumb\" href=\"https:\/\/turismegirones.cat\/fr\/punt_visita\/escapada-familiar\/\"><img decoding=\"async\" width=\"1024\" height=\"683\" src=\"https:\/\/turismegirones.cat\/wp-content\/uploads\/2026\/01\/02-StRoc-HD-10-1024x683.jpg\" class=\"pv-img\" alt=\"\" loading=\"lazy\" srcset=\"https:\/\/turismegirones.cat\/wp-content\/uploads\/2026\/01\/02-StRoc-HD-10-980x653.jpg 980w, https:\/\/turismegirones.cat\/wp-content\/uploads\/2026\/01\/02-StRoc-HD-10-480x320.jpg 480w\" sizes=\"(min-width: 0px) and (max-width: 480px) 480px, (min-width: 481px) and (max-width: 980px) 980px, (min-width: 981px) 1024px, 100vw\" \/><\/a><div class=\"pv-body\"><h3 class=\"pv-title\"><a href=\"https:\/\/turismegirones.cat\/fr\/punt_visita\/escapada-familiar\/\">Escapade Familiale<\/a><\/h3><a class=\"pv-more\" href=\"https:\/\/turismegirones.cat\/fr\/punt_visita\/escapada-familiar\/\">Plus d&#039;informations<\/a><\/div><\/article><article class=\"pv-card\"><a class=\"pv-thumb\" href=\"https:\/\/turismegirones.cat\/fr\/punt_visita\/escapada-medieval\/\"><img decoding=\"async\" width=\"1024\" height=\"683\" src=\"https:\/\/turismegirones.cat\/wp-content\/uploads\/2025\/12\/Madremanya-Poble-Esglesia-HD-3-4-1024x683.jpg\" class=\"pv-img\" alt=\"\" loading=\"lazy\" srcset=\"https:\/\/turismegirones.cat\/wp-content\/uploads\/2025\/12\/Madremanya-Poble-Esglesia-HD-3-4-1024x683.jpg 1024w, https:\/\/turismegirones.cat\/wp-content\/uploads\/2025\/12\/Madremanya-Poble-Esglesia-HD-3-4-980x653.jpg 980w, https:\/\/turismegirones.cat\/wp-content\/uploads\/2025\/12\/Madremanya-Poble-Esglesia-HD-3-4-480x320.jpg 480w\" sizes=\"(min-width: 0px) and (max-width: 480px) 480px, (min-width: 481px) and (max-width: 980px) 980px, (min-width: 981px) 1024px, 100vw\" \/><\/a><div class=\"pv-body\"><h3 class=\"pv-title\"><a href=\"https:\/\/turismegirones.cat\/fr\/punt_visita\/escapada-medieval\/\">Escapade M\u00e9di\u00e9vale<\/a><\/h3><a class=\"pv-more\" href=\"https:\/\/turismegirones.cat\/fr\/punt_visita\/escapada-medieval\/\">Plus d&#039;informations<\/a><\/div><\/article><article class=\"pv-card\"><a class=\"pv-thumb\" href=\"https:\/\/turismegirones.cat\/fr\/punt_visita\/escapada-natura-i-paisatges\/\"><img decoding=\"async\" width=\"683\" height=\"1024\" src=\"https:\/\/turismegirones.cat\/wp-content\/uploads\/2026\/02\/Bescano-2-ViesVerdes-WEB-5-683x1024.jpg\" class=\"pv-img\" alt=\"\" loading=\"lazy\" \/><\/a><div class=\"pv-body\"><h3 class=\"pv-title\"><a href=\"https:\/\/turismegirones.cat\/fr\/punt_visita\/escapada-natura-i-paisatges\/\">Escapade Nature et Paysages<\/a><\/h3><a class=\"pv-more\" href=\"https:\/\/turismegirones.cat\/fr\/punt_visita\/escapada-natura-i-paisatges\/\">Plus d&#039;informations<\/a><\/div><\/article><article class=\"pv-card\"><a class=\"pv-thumb\" href=\"https:\/\/turismegirones.cat\/fr\/punt_visita\/escapada-enogastronomica\/\"><img decoding=\"async\" width=\"1024\" height=\"768\" src=\"https:\/\/turismegirones.cat\/wp-content\/uploads\/2025\/12\/cargols-2-1024x768.jpg\" class=\"pv-img\" alt=\"\" loading=\"lazy\" srcset=\"https:\/\/turismegirones.cat\/wp-content\/uploads\/2025\/12\/cargols-2-1024x768.jpg 1024w, https:\/\/turismegirones.cat\/wp-content\/uploads\/2025\/12\/cargols-2-980x735.jpg 980w, https:\/\/turismegirones.cat\/wp-content\/uploads\/2025\/12\/cargols-2-480x360.jpg 480w\" sizes=\"(min-width: 0px) and (max-width: 480px) 480px, (min-width: 481px) and (max-width: 980px) 980px, (min-width: 981px) 1024px, 100vw\" \/><\/a><div class=\"pv-body\"><h3 class=\"pv-title\"><a href=\"https:\/\/turismegirones.cat\/fr\/punt_visita\/escapada-enogastronomica\/\">Escapade \u0152nogastronomique<\/a><\/h3><a class=\"pv-more\" href=\"https:\/\/turismegirones.cat\/fr\/punt_visita\/escapada-enogastronomica\/\">Plus d&#039;informations<\/a><\/div><\/article><article class=\"pv-card\"><a class=\"pv-thumb\" href=\"https:\/\/turismegirones.cat\/fr\/punt_visita\/escapada-fotogenica\/\"><img decoding=\"async\" width=\"960\" height=\"640\" src=\"https:\/\/turismegirones.cat\/wp-content\/uploads\/2020\/05\/visita-guiada-Girona.jpg\" class=\"pv-img\" alt=\"Fotografia a\u00e8ria del Barri vell de Girona\" loading=\"lazy\" srcset=\"https:\/\/turismegirones.cat\/wp-content\/uploads\/2020\/05\/visita-guiada-Girona.jpg 960w, https:\/\/turismegirones.cat\/wp-content\/uploads\/2020\/05\/visita-guiada-Girona-480x320.jpg 480w\" sizes=\"(min-width: 0px) and (max-width: 480px) 480px, (min-width: 481px) 960px, 100vw\" \/><\/a><div class=\"pv-body\"><h3 class=\"pv-title\"><a href=\"https:\/\/turismegirones.cat\/fr\/punt_visita\/escapada-fotogenica\/\">Escapade Photog\u00e9nique<\/a><\/h3><a class=\"pv-more\" href=\"https:\/\/turismegirones.cat\/fr\/punt_visita\/escapada-fotogenica\/\">Plus d&#039;informations<\/a><\/div><\/article><\/div><\/pee>[\/et_pb_code][\/et_pb_column][\/et_pb_row][\/et_pb_section]<\/p>\n","protected":false},"excerpt":{"rendered":"<p>[et_pb_section fb_built=\u00a0\u00bb1&Prime; _builder_version=\u00a0\u00bb4.27.4&Prime; _module_preset=\u00a0\u00bbdefault\u00a0\u00bb custom_padding=\u00a0\u00bb0px||0px||false|false\u00a0\u00bb locked=\u00a0\u00bboff\u00a0\u00bb global_colors_info=\u00a0\u00bb{}\u00a0\u00bb][et_pb_row _builder_version=\u00a0\u00bb4.27.4&Prime; _module_preset=\u00a0\u00bbdefault\u00a0\u00bb background_color=\u00a0\u00bb#fbbf6c\u00a0\u00bb width=\u00a0\u00bb100%\u00a0\u00bb max_width=\u00a0\u00bb2560px\u00a0\u00bb height=\u00a0\u00bb30px\u00a0\u00bb custom_padding=\u00a0\u00bb0px||0px||false|false\u00a0\u00bb global_colors_info=\u00a0\u00bb{}\u00a0\u00bb][et_pb_column type=\u00a0\u00bb4_4&Prime; _builder_version=\u00a0\u00bb4.27.4&Prime; _module_preset=\u00a0\u00bbdefault\u00a0\u00bb global_colors_info=\u00a0\u00bb{}\u00a0\u00bb][\/et_pb_column][\/et_pb_row][\/et_pb_section][et_pb_section fb_built=\u00a0\u00bb1&Prime; next_background_color=\u00a0\u00bb#ffffff\u00a0\u00bb _builder_version=\u00a0\u00bb4.27.4&Prime; _module_preset=\u00a0\u00bbdefault\u00a0\u00bb background_enable_color=\u00a0\u00bboff\u00a0\u00bb background_image=\u00a0\u00bbhttps:\/\/turismegirones.cat\/wp-content\/uploads\/2018\/07\/banysarabs2_capsalera.jpg\u00a0\u00bb height=\u00a0\u00bb30vh\u00a0\u00bb bottom_divider_style=\u00a0\u00bbwave\u00a0\u00bb bottom_divider_height=\u00a0\u00bb13px\u00a0\u00bb bottom_divider_repeat=\u00a0\u00bb50x\u00a0\u00bb global_colors_info=\u00a0\u00bb{}\u00a0\u00bb][\/et_pb_section][et_pb_section fb_built=\u00a0\u00bb1&Prime; _builder_version=\u00a0\u00bb4.27.4&Prime; _module_preset=\u00a0\u00bbdefault\u00a0\u00bb global_colors_info=\u00a0\u00bb{}\u00a0\u00bb][et_pb_row _builder_version=\u00a0\u00bb4.27.4&Prime; _module_preset=\u00a0\u00bbdefault\u00a0\u00bb custom_margin=\u00a0\u00bb||||false|false\u00a0\u00bb global_colors_info=\u00a0\u00bb{}\u00a0\u00bb][et_pb_column type=\u00a0\u00bb4_4&Prime; _builder_version=\u00a0\u00bb4.27.4&Prime; _module_preset=\u00a0\u00bbdefault\u00a0\u00bb global_colors_info=\u00a0\u00bb{}\u00a0\u00bb][et_pb_text _builder_version=\u00a0\u00bb4.27.4&Prime; _module_preset=\u00a0\u00bbdefault\u00a0\u00bb header_text_align=\u00a0\u00bbcenter\u00a0\u00bb global_colors_info=\u00a0\u00bb{}\u00a0\u00bb] Escapades [\/et_pb_text][et_pb_text _builder_version=\u00a0\u00bb4.27.4&Prime; _module_preset=\u00a0\u00bbdefault\u00a0\u00bb link_font=\u00a0\u00bb|700|||||||\u00a0\u00bb link_text_color=\u00a0\u00bb#304D5F\u00a0\u00bb text_orientation=\u00a0\u00bbcenter\u00a0\u00bb width=\u00a0\u00bb75%\u00a0\u00bb module_alignment=\u00a0\u00bbcenter\u00a0\u00bb [&hellip;]<\/p>\n","protected":false},"author":2,"featured_media":0,"parent":0,"menu_order":0,"comment_status":"closed","ping_status":"closed","template":"","meta":{"_acf_changed":false,"_et_pb_use_builder":"on","_et_pb_old_content":"","_et_gb_content_width":"","footnotes":""},"class_list":["post-112051","page","type-page","status-publish","hentry"],"acf":[],"publishpress_future_action":{"enabled":false,"date":"2026-05-21 06:25:52","action":"change-status","newStatus":"draft","terms":[],"taxonomy":"translation_priority","extraData":[]},"publishpress_future_workflow_manual_trigger":{"enabledWorkflows":[]},"_links":{"self":[{"href":"https:\/\/turismegirones.cat\/fr\/wp-json\/wp\/v2\/pages\/112051","targetHints":{"allow":["GET"]}}],"collection":[{"href":"https:\/\/turismegirones.cat\/fr\/wp-json\/wp\/v2\/pages"}],"about":[{"href":"https:\/\/turismegirones.cat\/fr\/wp-json\/wp\/v2\/types\/page"}],"author":[{"embeddable":true,"href":"https:\/\/turismegirones.cat\/fr\/wp-json\/wp\/v2\/users\/2"}],"replies":[{"embeddable":true,"href":"https:\/\/turismegirones.cat\/fr\/wp-json\/wp\/v2\/comments?post=112051"}],"version-history":[{"count":5,"href":"https:\/\/turismegirones.cat\/fr\/wp-json\/wp\/v2\/pages\/112051\/revisions"}],"predecessor-version":[{"id":112297,"href":"https:\/\/turismegirones.cat\/fr\/wp-json\/wp\/v2\/pages\/112051\/revisions\/112297"}],"wp:attachment":[{"href":"https:\/\/turismegirones.cat\/fr\/wp-json\/wp\/v2\/media?parent=112051"}],"curies":[{"name":"wp","href":"https:\/\/api.w.org\/{rel}","templated":true}]}}