{"id":64284,"date":"2025-10-15T21:48:09","date_gmt":"2025-10-15T14:48:09","guid":{"rendered":"http:\/\/turismegirones.dev.mialias.net\/informacion-practica\/movilidad\/"},"modified":"2025-12-15T22:29:54","modified_gmt":"2025-12-15T15:29:54","slug":"movilidad","status":"publish","type":"page","link":"https:\/\/turismegirones.cat\/es\/informacion-practica\/movilidad\/","title":{"rendered":"Movilidad"},"content":{"rendered":"<p>[et_pb_section fb_built=\u00bb1&#8243; _builder_version=\u00bb4.27.4&#8243; _module_preset=\u00bbdefault\u00bb custom_padding=\u00bb0px||0px||false|false\u00bb locked=\u00bboff\u00bb global_colors_info=\u00bb{}\u00bb][et_pb_row _builder_version=\u00bb4.27.4&#8243; _module_preset=\u00bbdefault\u00bb background_color=\u00bb#8BCBBB\u00bb width=\u00bb100%\u00bb max_width=\u00bb2560px\u00bb height=\u00bb30px\u00bb custom_padding=\u00bb0px||0px||false|false\u00bb global_colors_info=\u00bb{}\u00bb][et_pb_column type=\u00bb4_4&#8243; _builder_version=\u00bb4.27.4&#8243; _module_preset=\u00bbdefault\u00bb global_colors_info=\u00bb{}\u00bb][\/et_pb_column][\/et_pb_row][\/et_pb_section][et_pb_section fb_built=\u00bb1&#8243; next_background_color=\u00bb#ffffff\u00bb _builder_version=\u00bb4.27.4&#8243; _module_preset=\u00bbdefault\u00bb background_enable_color=\u00bboff\u00bb background_image=\u00bbhttps:\/\/turismegirones.cat\/wp-content\/uploads\/2024\/08\/mobilitat.png\u00bb height=\u00bb30vh\u00bb bottom_divider_style=\u00bbwave\u00bb bottom_divider_height=\u00bb13px\u00bb bottom_divider_repeat=\u00bb50x\u00bb global_colors_info=\u00bb{}\u00bb][\/et_pb_section][et_pb_section fb_built=\u00bb1&#8243; _builder_version=\u00bb4.27.4&#8243; _module_preset=\u00bbdefault\u00bb global_colors_info=\u00bb{}\u00bb][et_pb_row _builder_version=\u00bb4.27.4&#8243; _module_preset=\u00bbdefault\u00bb custom_margin=\u00bb||||false|false\u00bb global_colors_info=\u00bb{}\u00bb][et_pb_column type=\u00bb4_4&#8243; _builder_version=\u00bb4.27.4&#8243; _module_preset=\u00bbdefault\u00bb global_colors_info=\u00bb{}\u00bb][et_pb_text _builder_version=\u00bb4.27.4&#8243; _module_preset=\u00bbdefault\u00bb header_text_align=\u00bbcenter\u00bb global_colors_info=\u00bb{}\u00bb]<\/p>\n<h1>Movilidad<\/h1>\n<p>[\/et_pb_text][et_pb_text _builder_version=\u00bb4.27.4&#8243; _module_preset=\u00bbdefault\u00bb text_text_color=\u00bb#000000&#8243; link_text_color=\u00bb#304D5F\u00bb hover_enabled=\u00bb0&#8243; global_colors_info=\u00bb{}\u00bb sticky_enabled=\u00bb0&#8243;]<\/p>\n<div id=\"contenedor\">\n<div>\n<h3>Autob\u00fas<\/h3>\n<p><strong>GIRONA CIUDAD | <a href=\"https:\/\/www.girona.cat\/bus\/docs\/ATM-Girona-2024-Planol-General.pdf\">PLANO BUS URBANO<\/a> | <a href=\"https:\/\/www.girona.cat\/bus\/cat\/tarifes.php\">TARIFAS BUS URBANO<\/a> | <a href=\"https:\/\/www.atmgirona.cat\/tarifes\/\">TARIFAS TEISA<\/a><\/strong><\/p>\n<\/div>\n<p><strong>AEROPUERTO DE GIRONA | <a href=\"https:\/\/www.sagalesairportline.com\/es\/horarios-y-precios\/girona\">TARIFAS SAGAL\u00c9S<\/a> | <a href=\"https:\/\/www.atmgirona.cat\/tarifes\/\">TARIFAS TEISA<\/a><\/strong><\/p>\n<p><strong>PROVINCIA DE GIRONA | <a href=\"https:\/\/www.moventis.es\/es\/lineas-horarios#6\/0\">PLANO BUS INTERURBANO<\/a> | <a href=\"https:\/\/www.moventis.es\/es\/tarifas\/sarfa-resta-interurbans#\">TARIFAS MOVENTIS-SARFA<\/a> | <a href=\"https:\/\/www.sagalesairportline.com\/es\/horarios-y-precios\/girona\">TARIFAS SAGAL\u00c9S<\/a> | <a href=\"https:\/\/ampsa.org\/serveis-regulars\">TARIFAS AMPSA<\/a> | <a href=\"https:\/\/www.atmgirona.cat\/tarifes\/\">TARIFAS TEISA<\/a><\/strong><\/p>\n<p><\/div>\n<h3>Tren<\/h3>\n<p><\/p>\n<p><strong>PROVINCIA DE GIRONA | <a href=\"https:\/\/www.adif.es\/w\/79300-girona?pageFromPlid=335\">ESTACI\u00d3N DE GIRONA<\/a> | <a href=\"https:\/\/rodalies.gencat.cat\/es\/tarifes\/servei_de_rodalia_de_girona\/nomes-rodalia\/\">TARIFAS RODALIES<\/a> | <a href=\"https:\/\/www.renfe.com\/es\/ca\">TARIFAS AVE<\/a><\/strong><\/p>\n<h3>Veh\u00edculos<\/h3>\n<p><\/p>\n<p><strong>GIRONA CIUDAD | <a href=\"https:\/\/umat.girona.cat\/vu\/mapa\/mobilitat\/\">PLANO APARCAMIENTOS<\/a> | <a href=\"https:\/\/web.girona.cat\/mobilitat\/aparcaments\/autocaravanes\">\u00c1REA DE AUTOCARAVANAS<\/a> | <a href=\"https:\/\/web.girona.cat\/mobilitat\/circulacio\/restringida\">CIRCULACI\u00d3N RESTRINGIDA<\/a><\/strong><\/p>\n<h3>Bicicleta<\/h3>\n<p><\/p>\n<p><strong>GIRONA CIUDAD | <a href=\"https:\/\/web.girona.cat\/documents\/20147\/271997\/Planol-xarxa-pedalable.pdf\">PLANO DE APARCAMIENTOS Y RED<\/a> | <a href=\"https:\/\/web.girona.cat\/documents\/20147\/271997\/ViesPatinets.pdf\">NORMATIVA DE CIRCULACI\u00d3N<\/a><\/strong><\/p>\n<p>[\/et_pb_text][\/et_pb_column][\/et_pb_row][\/et_pb_section]<\/p>\n","protected":false},"excerpt":{"rendered":"<p>Movilidad Autob\u00fas GIRONA CIUDAD | PLANO BUS URBANO | TARIFAS BUS URBANO | TARIFAS TEISA AEROPUERTO DE GIRONA | TARIFAS SAGAL\u00c9S | TARIFAS TEISAPROVINCIA DE GIRONA | PLANO BUS INTERURBANO | TARIFAS MOVENTIS-SARFA | TARIFAS SAGAL\u00c9S | TARIFAS AMPSA | TARIFAS TEISATrenPROVINCIA DE GIRONA | ESTACI\u00d3N DE GIRONA | TARIFAS RODALIES | TARIFAS AVEVeh\u00edculosGIRONA CIUDAD [&hellip;]<\/p>\n","protected":false},"author":1,"featured_media":0,"parent":64260,"menu_order":0,"comment_status":"closed","ping_status":"closed","template":"","meta":{"_acf_changed":false,"_et_pb_use_builder":"on","_et_pb_old_content":"","_et_gb_content_width":"","footnotes":""},"class_list":["post-64284","page","type-page","status-publish","hentry"],"acf":[],"publishpress_future_action":{"enabled":false,"date":"2026-05-21 06:31:11","action":"change-status","newStatus":"draft","terms":[],"taxonomy":"translation_priority","extraData":[]},"publishpress_future_workflow_manual_trigger":{"enabledWorkflows":[]},"_links":{"self":[{"href":"https:\/\/turismegirones.cat\/es\/wp-json\/wp\/v2\/pages\/64284","targetHints":{"allow":["GET"]}}],"collection":[{"href":"https:\/\/turismegirones.cat\/es\/wp-json\/wp\/v2\/pages"}],"about":[{"href":"https:\/\/turismegirones.cat\/es\/wp-json\/wp\/v2\/types\/page"}],"author":[{"embeddable":true,"href":"https:\/\/turismegirones.cat\/es\/wp-json\/wp\/v2\/users\/1"}],"replies":[{"embeddable":true,"href":"https:\/\/turismegirones.cat\/es\/wp-json\/wp\/v2\/comments?post=64284"}],"version-history":[{"count":2,"href":"https:\/\/turismegirones.cat\/es\/wp-json\/wp\/v2\/pages\/64284\/revisions"}],"predecessor-version":[{"id":64286,"href":"https:\/\/turismegirones.cat\/es\/wp-json\/wp\/v2\/pages\/64284\/revisions\/64286"}],"up":[{"embeddable":true,"href":"https:\/\/turismegirones.cat\/es\/wp-json\/wp\/v2\/pages\/64260"}],"wp:attachment":[{"href":"https:\/\/turismegirones.cat\/es\/wp-json\/wp\/v2\/media?parent=64284"}],"curies":[{"name":"wp","href":"https:\/\/api.w.org\/{rel}","templated":true}]}}