{"id":64269,"date":"2025-10-15T21:34:57","date_gmt":"2025-10-15T14:34:57","guid":{"rendered":"http:\/\/turismegirones.dev.mialias.net\/informacion-practica\/accesibilidad\/"},"modified":"2025-12-15T22:25:25","modified_gmt":"2025-12-15T15:25:25","slug":"accesibilidad","status":"publish","type":"page","link":"https:\/\/turismegirones.cat\/es\/informacion-practica\/accesibilidad\/","title":{"rendered":"Accesibilidad"},"content":{"rendered":"<p>[et_pb_section fb_built=\u00bb1&#8243; _builder_version=\u00bb4.27.4&#8243; _module_preset=\u00bbdefault\u00bb custom_padding=\u00bb0px||0px||false|false\u00bb locked=\u00bboff\u00bb global_colors_info=\u00bb{}\u00bb theme_builder_area=\u00bbpost_content\u00bb][et_pb_row _builder_version=\u00bb4.27.4&#8243; _module_preset=\u00bbdefault\u00bb background_color=\u00bb#8BCBBB\u00bb width=\u00bb100%\u00bb max_width=\u00bb2560px\u00bb height=\u00bb30px\u00bb custom_padding=\u00bb0px||0px||false|false\u00bb global_colors_info=\u00bb{}\u00bb theme_builder_area=\u00bbpost_content\u00bb][et_pb_column type=\u00bb4_4&#8243; _builder_version=\u00bb4.27.4&#8243; _module_preset=\u00bbdefault\u00bb global_colors_info=\u00bb{}\u00bb theme_builder_area=\u00bbpost_content\u00bb][\/et_pb_column][\/et_pb_row][\/et_pb_section][et_pb_section fb_built=\u00bb1&#8243; next_background_color=\u00bb#ffffff\u00bb _builder_version=\u00bb4.27.4&#8243; _module_preset=\u00bbdefault\u00bb background_enable_color=\u00bboff\u00bb background_image=\u00bbhttps:\/\/turismegirones.cat\/wp-content\/uploads\/2024\/08\/accessibilitat.png\u00bb height=\u00bb30vh\u00bb bottom_divider_style=\u00bbwave\u00bb bottom_divider_height=\u00bb13px\u00bb bottom_divider_repeat=\u00bb50x\u00bb hover_enabled=\u00bb0&#8243; global_colors_info=\u00bb{}\u00bb theme_builder_area=\u00bbpost_content\u00bb title_text=\u00bbaccessibilitat\u00bb sticky_enabled=\u00bb0&#8243;][\/et_pb_section][et_pb_section fb_built=\u00bb1&#8243; _builder_version=\u00bb4.27.4&#8243; _module_preset=\u00bbdefault\u00bb global_colors_info=\u00bb{}\u00bb theme_builder_area=\u00bbpost_content\u00bb][et_pb_row _builder_version=\u00bb4.27.4&#8243; _module_preset=\u00bbdefault\u00bb custom_margin=\u00bb||||false|false\u00bb global_colors_info=\u00bb{}\u00bb theme_builder_area=\u00bbpost_content\u00bb][et_pb_column type=\u00bb4_4&#8243; _builder_version=\u00bb4.27.4&#8243; _module_preset=\u00bbdefault\u00bb global_colors_info=\u00bb{}\u00bb theme_builder_area=\u00bbpost_content\u00bb][et_pb_text _builder_version=\u00bb4.27.4&#8243; _module_preset=\u00bbdefault\u00bb header_text_align=\u00bbcenter\u00bb global_colors_info=\u00bb{}\u00bb theme_builder_area=\u00bbpost_content\u00bb]<\/p>\n<h1>Accesibilidad<\/h1>\n<p>[\/et_pb_text][et_pb_text _builder_version=\u00bb4.27.4&#8243; _module_preset=\u00bbdefault\u00bb text_text_color=\u00bb#000000&#8243; link_text_color=\u00bb#304D5F\u00bb hover_enabled=\u00bb0&#8243; global_colors_info=\u00bb{}\u00bb theme_builder_area=\u00bbpost_content\u00bb sticky_enabled=\u00bb0&#8243;]<\/p>\n<p>Girona dispone de plazas de aparcamiento y zonas reservadas para personas con movilidad reducida distribuidas por toda la ciudad. Tambi\u00e9n hay instalaciones semaf\u00f3ricas con m\u00f3dulos avisadores ac\u00fasticos para peatones y servicio de alquiler de scooters el\u00e9ctricos.<\/p>\n<p><\/p>\n<p>&nbsp;<\/p>\n<p>[\/et_pb_text][et_pb_text _builder_version=\u00bb4.27.4&#8243; _module_preset=\u00bbdefault\u00bb text_text_color=\u00bb#000000&#8243; link_text_color=\u00bb#304D5F\u00bb hover_enabled=\u00bb0&#8243; global_colors_info=\u00bb{}\u00bb theme_builder_area=\u00bbpost_content\u00bb sticky_enabled=\u00bb0&#8243;]<\/p>\n<p><strong>Itinerarios accesibles<\/strong><\/p>\n<p><\/p>\n<p>Gu\u00eda de turismo: <a href=\"https:\/\/www.girona.cat\/shared\/admin\/docs\/g\/u\/guia_turisme_girona.cat.pdf\">Girona para todos<\/a> \u2013 <a href=\"https:\/\/web.girona.cat\/mobilitat\/taxis\">Servicio de taxis adaptados<\/a> \u2013 <a href=\"https:\/\/www.aena.es\/ca\/girona-costa-brava\/serveis-de-l-aeroport\/servei-assistencia-sense-barreres.html\">Servicio de asistencia Sin Barreras en el Aeropuerto de Girona\u2013Costa Brava<\/a><\/p>\n<p><\/p>\n<p>Girona accesible: <a href=\"https:\/\/www.girona.cat\/shared\/admin\/docs\/p\/l\/planol_turisme_accessible_2021.pdf\">Plano de la ciudad<\/a> \u2013 <a href=\"https:\/\/www.girona.cat\/turisme\/cat\/accessibilitat.php?tipus=vis#resultats\">Recursos tur\u00edsticos<\/a> \u2013 <a href=\"https:\/\/umat.girona.cat\/vu\/mapa\/mobilitat\/\">Aparcamientos<\/a> \u2013 <a href=\"https:\/\/web.girona.cat\/documents\/20147\/271997\/2023-semafors-Once-ubicacio.pdf\">Sem\u00e1foros avisadores<\/a> \u2013 <a href=\"https:\/\/www.ortopediabosch.com\/ca\/mobilitat\/escuters-electrics\">Alquiler de equipamientos<\/a><\/p>\n<p><\/p>\n<p>Itinerarios naturales: <a href=\"https:\/\/www.girona.cat\/turisme\/docs\/ribes_ter_devesa.cat.pdf\">Riberas del Ter \u2013 Devesa<\/a> \u2013 <a href=\"https:\/\/www.girona.cat\/turisme\/docs\/hortes_santa_eugenia.cat.pdf\">Huertos de Santa Eug\u00e8nia<\/a><\/p>\n<p><\/p>\n<p>Costa Brava accesible: <a href=\"https:\/\/issuu.com\/costabravapirineugirona\/docs\/mapaaccessible\">Plano de la provincia<\/a> \u2013 <a href=\"https:\/\/issuu.com\/costabravapirineugirona\/docs\/accessible_beaches\">Playas accesibles<\/a> \u2013 <a href=\"https:\/\/costabrava.org\/experiencies\/experiencies-inclusives\/\">Experiencias inclusivas<\/a><\/p>\n<p>[\/et_pb_text][\/et_pb_column][\/et_pb_row][\/et_pb_section]<\/p>\n","protected":false},"excerpt":{"rendered":"<p>AccesibilidadGirona dispone de plazas de aparcamiento y zonas reservadas para personas con movilidad reducida distribuidas por toda la ciudad. Tambi\u00e9n hay instalaciones semaf\u00f3ricas con m\u00f3dulos avisadores ac\u00fasticos para peatones y servicio de alquiler de scooters el\u00e9ctricos.&nbsp;Itinerarios accesiblesGu\u00eda de turismo: Girona para todos \u2013 Servicio de taxis adaptados \u2013 Servicio de asistencia Sin Barreras en el [&hellip;]<\/p>\n","protected":false},"author":1,"featured_media":0,"parent":64260,"menu_order":0,"comment_status":"closed","ping_status":"closed","template":"","meta":{"_acf_changed":false,"_et_pb_use_builder":"on","_et_pb_old_content":"","_et_gb_content_width":"","footnotes":""},"class_list":["post-64269","page","type-page","status-publish","hentry"],"acf":[],"publishpress_future_action":{"enabled":false,"date":"2026-05-21 06:28:26","action":"change-status","newStatus":"draft","terms":[],"taxonomy":"translation_priority","extraData":[]},"publishpress_future_workflow_manual_trigger":{"enabledWorkflows":[]},"_links":{"self":[{"href":"https:\/\/turismegirones.cat\/es\/wp-json\/wp\/v2\/pages\/64269","targetHints":{"allow":["GET"]}}],"collection":[{"href":"https:\/\/turismegirones.cat\/es\/wp-json\/wp\/v2\/pages"}],"about":[{"href":"https:\/\/turismegirones.cat\/es\/wp-json\/wp\/v2\/types\/page"}],"author":[{"embeddable":true,"href":"https:\/\/turismegirones.cat\/es\/wp-json\/wp\/v2\/users\/1"}],"replies":[{"embeddable":true,"href":"https:\/\/turismegirones.cat\/es\/wp-json\/wp\/v2\/comments?post=64269"}],"version-history":[{"count":2,"href":"https:\/\/turismegirones.cat\/es\/wp-json\/wp\/v2\/pages\/64269\/revisions"}],"predecessor-version":[{"id":64271,"href":"https:\/\/turismegirones.cat\/es\/wp-json\/wp\/v2\/pages\/64269\/revisions\/64271"}],"up":[{"embeddable":true,"href":"https:\/\/turismegirones.cat\/es\/wp-json\/wp\/v2\/pages\/64260"}],"wp:attachment":[{"href":"https:\/\/turismegirones.cat\/es\/wp-json\/wp\/v2\/media?parent=64269"}],"curies":[{"name":"wp","href":"https:\/\/api.w.org\/{rel}","templated":true}]}}