{"id":64359,"date":"2025-10-09T21:29:21","date_gmt":"2025-10-09T14:29:21","guid":{"rendered":"http:\/\/turismegirones.dev.mialias.net\/cultural-heritage\/"},"modified":"2025-12-15T22:39:27","modified_gmt":"2025-12-15T15:39:27","slug":"cultural-heritage","status":"publish","type":"page","link":"https:\/\/turismegirones.cat\/en\/cultural-heritage\/","title":{"rendered":"Cultural heritage"},"content":{"rendered":"<p>[et_pb_section fb_built=&#8221;1&#8243; _builder_version=&#8221;4.27.4&#8243; _module_preset=&#8221;default&#8221; custom_padding=&#8221;0px||0px||false|false&#8221; locked=&#8221;off&#8221; global_colors_info=&#8221;{}&#8221;][et_pb_row _builder_version=&#8221;4.27.4&#8243; _module_preset=&#8221;default&#8221; background_color=&#8221;#fbbf6c&#8221; width=&#8221;100%&#8221; max_width=&#8221;2560px&#8221; height=&#8221;30px&#8221; custom_padding=&#8221;0px||0px||false|false&#8221; global_colors_info=&#8221;{}&#8221;][et_pb_column type=&#8221;4_4&#8243; _builder_version=&#8221;4.27.4&#8243; _module_preset=&#8221;default&#8221; global_colors_info=&#8221;{}&#8221;][\/et_pb_column][\/et_pb_row][\/et_pb_section][et_pb_section fb_built=&#8221;1&#8243; next_background_color=&#8221;#ffffff&#8221; _builder_version=&#8221;4.27.4&#8243; _module_preset=&#8221;default&#8221; background_enable_color=&#8221;off&#8221; background_image=&#8221;https:\/\/turismegirones.cat\/wp-content\/uploads\/2018\/07\/banysarabs2_capsalera.jpg&#8221; height=&#8221;30vh&#8221; bottom_divider_style=&#8221;wave&#8221; bottom_divider_height=&#8221;13px&#8221; bottom_divider_repeat=&#8221;50x&#8221; global_colors_info=&#8221;{}&#8221;][\/et_pb_section][et_pb_section fb_built=&#8221;1&#8243; _builder_version=&#8221;4.27.4&#8243; _module_preset=&#8221;default&#8221; global_colors_info=&#8221;{}&#8221;][et_pb_row _builder_version=&#8221;4.27.4&#8243; _module_preset=&#8221;default&#8221; custom_margin=&#8221;||||false|false&#8221; global_colors_info=&#8221;{}&#8221;][et_pb_column type=&#8221;4_4&#8243; _builder_version=&#8221;4.27.4&#8243; _module_preset=&#8221;default&#8221; global_colors_info=&#8221;{}&#8221;][et_pb_text _builder_version=&#8221;4.27.4&#8243; _module_preset=&#8221;default&#8221; header_text_align=&#8221;center&#8221; global_colors_info=&#8221;{}&#8221;]<\/p>\n<h1>Cultural heritage<\/h1>\n<p>[\/et_pb_text][et_pb_text _builder_version=&#8221;4.27.4&#8243; _module_preset=&#8221;default&#8221; link_font=&#8221;|700|||||||&#8221; link_text_color=&#8221;#304D5F&#8221; text_orientation=&#8221;center&#8221; width=&#8221;75%&#8221; module_alignment=&#8221;center&#8221; global_colors_info=&#8221;{}&#8221;]<\/p>\n<p>A heritage that spreads throughout the region, from the monuments of Girona to charming medieval villages.<br \/>Gothic, Romanesque, Modernist, Noucentista\u2026 these are some of the styles that define the monuments of our region. From Girona Cathedral to the small hermitages of the Ll\u00e9mena Valley, including the Modernist buildings of the cork-producing towns.<\/p>\n<p>[\/et_pb_text][\/et_pb_column][\/et_pb_row][\/et_pb_section][et_pb_section fb_built=&#8221;1&#8243; _builder_version=&#8221;4.27.4&#8243; _module_preset=&#8221;default&#8221; hover_enabled=&#8221;0&#8243; locked=&#8221;off&#8221; global_colors_info=&#8221;{}&#8221; custom_padding=&#8221;0px||||false|false&#8221; sticky_enabled=&#8221;0&#8243;][et_pb_row module_class=&#8221;municipis-grid&#8221; _builder_version=&#8221;4.27.4&#8243; _module_preset=&#8221;default&#8221; global_colors_info=&#8221;{}&#8221;][et_pb_column type=&#8221;4_4&#8243; _builder_version=&#8221;4.27.4&#8243; _module_preset=&#8221;default&#8221; global_colors_info=&#8221;{}&#8221;][et_pb_code _builder_version=&#8221;4.27.4&#8243; _module_preset=&#8221;default&#8221; global_colors_info=&#8221;{}&#8221;]<div class=\"pv-grid\"><article class=\"pv-card\"><a class=\"pv-thumb\" href=\"https:\/\/turismegirones.cat\/en\/punt_visita\/jaciment-del-castellum-fractum-2\/\"><img decoding=\"async\" width=\"1024\" height=\"683\" src=\"https:\/\/turismegirones.cat\/wp-content\/uploads\/2018\/10\/Sant-Julia-de-Ramis.-Harold-Abellan.-Arxiu-Imatges-PTCBG-2-1-1024x683.jpg\" class=\"pv-img\" alt=\"\" loading=\"lazy\" srcset=\"https:\/\/turismegirones.cat\/wp-content\/uploads\/2018\/10\/Sant-Julia-de-Ramis.-Harold-Abellan.-Arxiu-Imatges-PTCBG-2-1-1024x683.jpg 1024w, https:\/\/turismegirones.cat\/wp-content\/uploads\/2018\/10\/Sant-Julia-de-Ramis.-Harold-Abellan.-Arxiu-Imatges-PTCBG-2-1-980x653.jpg 980w, https:\/\/turismegirones.cat\/wp-content\/uploads\/2018\/10\/Sant-Julia-de-Ramis.-Harold-Abellan.-Arxiu-Imatges-PTCBG-2-1-480x320.jpg 480w\" sizes=\"(min-width: 0px) and (max-width: 480px) 480px, (min-width: 481px) and (max-width: 980px) 980px, (min-width: 981px) 1024px, 100vw\" \/><\/a><div class=\"pv-body\"><h3 class=\"pv-title\"><a href=\"https:\/\/turismegirones.cat\/en\/punt_visita\/jaciment-del-castellum-fractum-2\/\">Archaeological site Castellum Fractum<\/a><\/h3><a class=\"pv-more\" href=\"https:\/\/turismegirones.cat\/en\/punt_visita\/jaciment-del-castellum-fractum-2\/\">More information<\/a><\/div><\/article><article class=\"pv-card\"><a class=\"pv-thumb\" href=\"https:\/\/turismegirones.cat\/en\/punt_visita\/central-hidroelectrica-i-pou-de-glac-3\/\"><img decoding=\"async\" width=\"1024\" height=\"752\" src=\"https:\/\/turismegirones.cat\/wp-content\/uploads\/2018\/07\/bescano-central-modernista-1024x752.png\" class=\"pv-img\" alt=\"Central Hidroel\u00e8ctrica de Bescan\u00f3\" loading=\"lazy\" srcset=\"https:\/\/turismegirones.cat\/wp-content\/uploads\/2018\/07\/bescano-central-modernista-1024x752.png 1024w, https:\/\/turismegirones.cat\/wp-content\/uploads\/2018\/07\/bescano-central-modernista-980x719.png 980w, https:\/\/turismegirones.cat\/wp-content\/uploads\/2018\/07\/bescano-central-modernista-480x352.png 480w\" sizes=\"(min-width: 0px) and (max-width: 480px) 480px, (min-width: 481px) and (max-width: 980px) 980px, (min-width: 981px) 1024px, 100vw\" \/><\/a><div class=\"pv-body\"><h3 class=\"pv-title\"><a href=\"https:\/\/turismegirones.cat\/en\/punt_visita\/central-hidroelectrica-i-pou-de-glac-3\/\">Berenguer hydroelectic powe station and ice well<\/a><\/h3><a class=\"pv-more\" href=\"https:\/\/turismegirones.cat\/en\/punt_visita\/central-hidroelectrica-i-pou-de-glac-3\/\">More information<\/a><\/div><\/article><article class=\"pv-card\"><a class=\"pv-thumb\" href=\"https:\/\/turismegirones.cat\/en\/punt_visita\/castell-de-cervia-4\/\"><img decoding=\"async\" width=\"457\" height=\"355\" src=\"https:\/\/turismegirones.cat\/wp-content\/uploads\/2018\/10\/castell-cervia-de-ter.jpeg\" class=\"pv-img\" alt=\"castell cervi\u00e0 de ter\" loading=\"lazy\" srcset=\"https:\/\/turismegirones.cat\/wp-content\/uploads\/2018\/10\/castell-cervia-de-ter.jpeg 457w, https:\/\/turismegirones.cat\/wp-content\/uploads\/2018\/10\/castell-cervia-de-ter-300x233.jpeg 300w\" sizes=\"(max-width: 457px) 100vw, 457px\" \/><\/a><div class=\"pv-body\"><h3 class=\"pv-title\"><a href=\"https:\/\/turismegirones.cat\/en\/punt_visita\/castell-de-cervia-4\/\">Cervi\u00e0 de Ter Castle<\/a><\/h3><a class=\"pv-more\" href=\"https:\/\/turismegirones.cat\/en\/punt_visita\/castell-de-cervia-4\/\">More information<\/a><\/div><\/article><article class=\"pv-card\"><a class=\"pv-thumb\" href=\"https:\/\/turismegirones.cat\/en\/punt_visita\/el-santuari-dels-angels-2\/\"><img decoding=\"async\" width=\"1024\" height=\"683\" src=\"https:\/\/turismegirones.cat\/wp-content\/uploads\/2018\/10\/SantMartiVell-2-SantuariAngels-WEB-1-1-1024x683.jpg\" class=\"pv-img\" alt=\"\" loading=\"lazy\" srcset=\"https:\/\/turismegirones.cat\/wp-content\/uploads\/2018\/10\/SantMartiVell-2-SantuariAngels-WEB-1-1-1024x683.jpg 1024w, https:\/\/turismegirones.cat\/wp-content\/uploads\/2018\/10\/SantMartiVell-2-SantuariAngels-WEB-1-1-980x653.jpg 980w, https:\/\/turismegirones.cat\/wp-content\/uploads\/2018\/10\/SantMartiVell-2-SantuariAngels-WEB-1-1-480x320.jpg 480w\" sizes=\"(min-width: 0px) and (max-width: 480px) 480px, (min-width: 481px) and (max-width: 980px) 980px, (min-width: 981px) 1024px, 100vw\" \/><\/a><div class=\"pv-body\"><h3 class=\"pv-title\"><a href=\"https:\/\/turismegirones.cat\/en\/punt_visita\/el-santuari-dels-angels-2\/\">Els \u00c0ngels Sanctuary<\/a><\/h3><a class=\"pv-more\" href=\"https:\/\/turismegirones.cat\/en\/punt_visita\/el-santuari-dels-angels-2\/\">More information<\/a><\/div><\/article><article class=\"pv-card\"><a class=\"pv-thumb\" href=\"https:\/\/turismegirones.cat\/en\/punt_visita\/sant-cebria-de-flaca\/\"><img decoding=\"async\" width=\"335\" height=\"360\" src=\"https:\/\/turismegirones.cat\/wp-content\/uploads\/2025\/10\/Flaca.png\" class=\"pv-img\" alt=\"\" loading=\"lazy\" srcset=\"https:\/\/turismegirones.cat\/wp-content\/uploads\/2025\/10\/Flaca.png 335w, https:\/\/turismegirones.cat\/wp-content\/uploads\/2025\/10\/Flaca-279x300.png 279w\" sizes=\"(max-width: 335px) 100vw, 335px\" \/><\/a><div class=\"pv-body\"><h3 class=\"pv-title\"><a href=\"https:\/\/turismegirones.cat\/en\/punt_visita\/sant-cebria-de-flaca\/\">Esgl\u00e9sia de Sant Cebri\u00e0 de Fla\u00e7\u00e0 i el seu retaule<\/a><\/h3><a class=\"pv-more\" href=\"https:\/\/turismegirones.cat\/en\/punt_visita\/sant-cebria-de-flaca\/\">More information<\/a><\/div><\/article><article class=\"pv-card\"><a class=\"pv-thumb\" href=\"https:\/\/turismegirones.cat\/en\/punt_visita\/castell-de-medinya\/\"><img decoding=\"async\" width=\"1024\" height=\"683\" src=\"https:\/\/turismegirones.cat\/wp-content\/uploads\/2025\/12\/StJuliaRamis-Castell-WEB-4-1024x683.jpg\" class=\"pv-img\" alt=\"\" loading=\"lazy\" srcset=\"https:\/\/turismegirones.cat\/wp-content\/uploads\/2025\/12\/StJuliaRamis-Castell-WEB-4-980x653.jpg 980w, https:\/\/turismegirones.cat\/wp-content\/uploads\/2025\/12\/StJuliaRamis-Castell-WEB-4-480x320.jpg 480w\" sizes=\"(min-width: 0px) and (max-width: 480px) 480px, (min-width: 481px) and (max-width: 980px) 980px, (min-width: 981px) 1024px, 100vw\" \/><\/a><div class=\"pv-body\"><h3 class=\"pv-title\"><a href=\"https:\/\/turismegirones.cat\/en\/punt_visita\/castell-de-medinya\/\">Mediny\u00e0 Castle<\/a><\/h3><a class=\"pv-more\" href=\"https:\/\/turismegirones.cat\/en\/punt_visita\/castell-de-medinya\/\">More information<\/a><\/div><\/article><article class=\"pv-card\"><a class=\"pv-thumb\" href=\"https:\/\/turismegirones.cat\/en\/punt_visita\/monestir-de-santa-maria-2\/\"><img decoding=\"async\" width=\"683\" height=\"1024\" src=\"https:\/\/turismegirones.cat\/wp-content\/uploads\/2018\/10\/DSCF7875-3-1-683x1024.jpg\" class=\"pv-img\" alt=\"\" loading=\"lazy\" srcset=\"https:\/\/turismegirones.cat\/wp-content\/uploads\/2018\/10\/DSCF7875-3-1-683x1024.jpg 683w, https:\/\/turismegirones.cat\/wp-content\/uploads\/2018\/10\/DSCF7875-3-1-480x720.jpg 480w\" sizes=\"(min-width: 0px) and (max-width: 480px) 480px, (min-width: 481px) 683px, 100vw\" \/><\/a><div class=\"pv-body\"><h3 class=\"pv-title\"><a href=\"https:\/\/turismegirones.cat\/en\/punt_visita\/monestir-de-santa-maria-2\/\">Monastery of Santa Maria<\/a><\/h3><a class=\"pv-more\" href=\"https:\/\/turismegirones.cat\/en\/punt_visita\/monestir-de-santa-maria-2\/\">More information<\/a><\/div><\/article><article class=\"pv-card\"><a class=\"pv-thumb\" href=\"https:\/\/turismegirones.cat\/en\/punt_visita\/barri-vell-de-girona-4\/\"><img decoding=\"async\" width=\"1024\" height=\"683\" src=\"https:\/\/turismegirones.cat\/wp-content\/uploads\/2018\/08\/Girona.-JD-Andrews.-Arxiu-Imatges-PTCBG_G-1-1024x683.jpg\" class=\"pv-img\" alt=\"Fotografia a\u00e8ria de Girona\" loading=\"lazy\" srcset=\"https:\/\/turismegirones.cat\/wp-content\/uploads\/2018\/08\/Girona.-JD-Andrews.-Arxiu-Imatges-PTCBG_G-1-1024x683.jpg 1024w, https:\/\/turismegirones.cat\/wp-content\/uploads\/2018\/08\/Girona.-JD-Andrews.-Arxiu-Imatges-PTCBG_G-1-980x653.jpg 980w, https:\/\/turismegirones.cat\/wp-content\/uploads\/2018\/08\/Girona.-JD-Andrews.-Arxiu-Imatges-PTCBG_G-1-480x320.jpg 480w\" sizes=\"(min-width: 0px) and (max-width: 480px) 480px, (min-width: 481px) and (max-width: 980px) 980px, (min-width: 981px) 1024px, 100vw\" \/><\/a><div class=\"pv-body\"><h3 class=\"pv-title\"><a href=\"https:\/\/turismegirones.cat\/en\/punt_visita\/barri-vell-de-girona-4\/\">Old quarter of Girona<\/a><\/h3><a class=\"pv-more\" href=\"https:\/\/turismegirones.cat\/en\/punt_visita\/barri-vell-de-girona-4\/\">More information<\/a><\/div><\/article><article class=\"pv-card\"><a class=\"pv-thumb\" href=\"https:\/\/turismegirones.cat\/en\/punt_visita\/nucli-antic-de-llagostera-4\/\"><img decoding=\"async\" width=\"685\" height=\"1024\" src=\"https:\/\/turismegirones.cat\/wp-content\/uploads\/2018\/11\/Llagostera-2-Esglesia-WEB-13-1-685x1024.jpg\" class=\"pv-img\" alt=\"\" loading=\"lazy\" srcset=\"https:\/\/turismegirones.cat\/wp-content\/uploads\/2018\/11\/Llagostera-2-Esglesia-WEB-13-1-685x1024.jpg 685w, https:\/\/turismegirones.cat\/wp-content\/uploads\/2018\/11\/Llagostera-2-Esglesia-WEB-13-1-480x717.jpg 480w\" sizes=\"(min-width: 0px) and (max-width: 480px) 480px, (min-width: 481px) 685px, 100vw\" \/><\/a><div class=\"pv-body\"><h3 class=\"pv-title\"><a href=\"https:\/\/turismegirones.cat\/en\/punt_visita\/nucli-antic-de-llagostera-4\/\">Old town de Llagostera<\/a><\/h3><a class=\"pv-more\" href=\"https:\/\/turismegirones.cat\/en\/punt_visita\/nucli-antic-de-llagostera-4\/\">More information<\/a><\/div><\/article><article class=\"pv-card\"><a class=\"pv-thumb\" href=\"https:\/\/turismegirones.cat\/en\/punt_visita\/nucli-antic-de-madremanya-4\/\"><img decoding=\"async\" width=\"1024\" height=\"683\" src=\"https:\/\/turismegirones.cat\/wp-content\/uploads\/2018\/11\/Madremanya-Poble-Esglesia-HD-11-1-1024x683.jpg\" class=\"pv-img\" alt=\"\" loading=\"lazy\" srcset=\"https:\/\/turismegirones.cat\/wp-content\/uploads\/2018\/11\/Madremanya-Poble-Esglesia-HD-11-1-1024x683.jpg 1024w, https:\/\/turismegirones.cat\/wp-content\/uploads\/2018\/11\/Madremanya-Poble-Esglesia-HD-11-1-980x653.jpg 980w, https:\/\/turismegirones.cat\/wp-content\/uploads\/2018\/11\/Madremanya-Poble-Esglesia-HD-11-1-480x320.jpg 480w\" sizes=\"(min-width: 0px) and (max-width: 480px) 480px, (min-width: 481px) and (max-width: 980px) 980px, (min-width: 981px) 1024px, 100vw\" \/><\/a><div class=\"pv-body\"><h3 class=\"pv-title\"><a href=\"https:\/\/turismegirones.cat\/en\/punt_visita\/nucli-antic-de-madremanya-4\/\">Old town of Madremanya<\/a><\/h3><a class=\"pv-more\" href=\"https:\/\/turismegirones.cat\/en\/punt_visita\/nucli-antic-de-madremanya-4\/\">More information<\/a><\/div><\/article><article class=\"pv-card\"><a class=\"pv-thumb\" href=\"https:\/\/turismegirones.cat\/en\/punt_visita\/la-toratxa-i-ermita-de-sant-roc-4\/\"><img decoding=\"async\" width=\"622\" height=\"422\" src=\"https:\/\/turismegirones.cat\/wp-content\/uploads\/2018\/11\/torre-de-moros-1.jpg\" class=\"pv-img\" alt=\"torre de moros vilablareix giron\u00e8s R.Batllo 2009\" loading=\"lazy\" srcset=\"https:\/\/turismegirones.cat\/wp-content\/uploads\/2018\/11\/torre-de-moros-1.jpg 622w, https:\/\/turismegirones.cat\/wp-content\/uploads\/2018\/11\/torre-de-moros-1-480x326.jpg 480w\" sizes=\"(min-width: 0px) and (max-width: 480px) 480px, (min-width: 481px) 622px, 100vw\" \/><\/a><div class=\"pv-body\"><h3 class=\"pv-title\"><a href=\"https:\/\/turismegirones.cat\/en\/punt_visita\/la-toratxa-i-ermita-de-sant-roc-4\/\">Roman funeral monument la Torratxa<\/a><\/h3><a class=\"pv-more\" href=\"https:\/\/turismegirones.cat\/en\/punt_visita\/la-toratxa-i-ermita-de-sant-roc-4\/\">More information<\/a><\/div><\/article><article class=\"pv-card\"><a class=\"pv-thumb\" href=\"https:\/\/turismegirones.cat\/en\/punt_visita\/villa-romana-del-pla-de-lhorta-4\/\"><img decoding=\"async\" width=\"1024\" height=\"700\" src=\"https:\/\/turismegirones.cat\/wp-content\/uploads\/2019\/01\/SarriaTer-VilaRomanaPlaHorta-WEB-11-1-1024x700.jpg\" class=\"pv-img\" alt=\"\" loading=\"lazy\" srcset=\"https:\/\/turismegirones.cat\/wp-content\/uploads\/2019\/01\/SarriaTer-VilaRomanaPlaHorta-WEB-11-1-1024x700.jpg 1024w, https:\/\/turismegirones.cat\/wp-content\/uploads\/2019\/01\/SarriaTer-VilaRomanaPlaHorta-WEB-11-1-980x670.jpg 980w, https:\/\/turismegirones.cat\/wp-content\/uploads\/2019\/01\/SarriaTer-VilaRomanaPlaHorta-WEB-11-1-480x328.jpg 480w\" sizes=\"(min-width: 0px) and (max-width: 480px) 480px, (min-width: 481px) and (max-width: 980px) 980px, (min-width: 981px) 1024px, 100vw\" \/><\/a><div class=\"pv-body\"><h3 class=\"pv-title\"><a href=\"https:\/\/turismegirones.cat\/en\/punt_visita\/villa-romana-del-pla-de-lhorta-4\/\">Roman Villa of Pla de l\u2019Horta<\/a><\/h3><a class=\"pv-more\" href=\"https:\/\/turismegirones.cat\/en\/punt_visita\/villa-romana-del-pla-de-lhorta-4\/\">More information<\/a><\/div><\/article><article class=\"pv-card\"><a class=\"pv-thumb\" href=\"https:\/\/turismegirones.cat\/en\/punt_visita\/santuari-de-rocacorba-2\/\"><img decoding=\"async\" width=\"1024\" height=\"768\" src=\"https:\/\/turismegirones.cat\/wp-content\/uploads\/2018\/09\/CanetdAdri-Rocacorba-WEB-2-1-1024x768.jpg\" class=\"pv-img\" alt=\"\" loading=\"lazy\" srcset=\"https:\/\/turismegirones.cat\/wp-content\/uploads\/2018\/09\/CanetdAdri-Rocacorba-WEB-2-1-1024x768.jpg 1024w, https:\/\/turismegirones.cat\/wp-content\/uploads\/2018\/09\/CanetdAdri-Rocacorba-WEB-2-1-980x735.jpg 980w, https:\/\/turismegirones.cat\/wp-content\/uploads\/2018\/09\/CanetdAdri-Rocacorba-WEB-2-1-480x360.jpg 480w\" sizes=\"(min-width: 0px) and (max-width: 480px) 480px, (min-width: 481px) and (max-width: 980px) 980px, (min-width: 981px) 1024px, 100vw\" \/><\/a><div class=\"pv-body\"><h3 class=\"pv-title\"><a href=\"https:\/\/turismegirones.cat\/en\/punt_visita\/santuari-de-rocacorba-2\/\">Sanctuary of Rocacorba<\/a><\/h3><a class=\"pv-more\" href=\"https:\/\/turismegirones.cat\/en\/punt_visita\/santuari-de-rocacorba-2\/\">More information<\/a><\/div><\/article><article class=\"pv-card\"><a class=\"pv-thumb\" href=\"https:\/\/turismegirones.cat\/en\/punt_visita\/sant-esteve-de-bordils-2\/\"><img decoding=\"async\" width=\"683\" height=\"1024\" src=\"https:\/\/turismegirones.cat\/wp-content\/uploads\/2018\/08\/Bordils-NucliPoble-EsglesiaStEsteveBordils-WEB-4-683x1024.jpg\" class=\"pv-img\" alt=\"\" loading=\"lazy\" srcset=\"https:\/\/turismegirones.cat\/wp-content\/uploads\/2018\/08\/Bordils-NucliPoble-EsglesiaStEsteveBordils-WEB-4-683x1024.jpg 683w, https:\/\/turismegirones.cat\/wp-content\/uploads\/2018\/08\/Bordils-NucliPoble-EsglesiaStEsteveBordils-WEB-4-480x720.jpg 480w\" sizes=\"(min-width: 0px) and (max-width: 480px) 480px, (min-width: 481px) 683px, 100vw\" \/><\/a><div class=\"pv-body\"><h3 class=\"pv-title\"><a href=\"https:\/\/turismegirones.cat\/en\/punt_visita\/sant-esteve-de-bordils-2\/\">Sant Esteve of Bordils<\/a><\/h3><a class=\"pv-more\" href=\"https:\/\/turismegirones.cat\/en\/punt_visita\/sant-esteve-de-bordils-2\/\">More information<\/a><\/div><\/article><\/div><!-- [et_pb_line_break_holder] -->[\/et_pb_code][\/et_pb_column][\/et_pb_row][\/et_pb_section]<\/p>\n","protected":false},"excerpt":{"rendered":"<p>[et_pb_section fb_built=&#8221;1&#8243; _builder_version=&#8221;4.27.4&#8243; _module_preset=&#8221;default&#8221; custom_padding=&#8221;0px||0px||false|false&#8221; locked=&#8221;off&#8221; global_colors_info=&#8221;{}&#8221;][et_pb_row _builder_version=&#8221;4.27.4&#8243; _module_preset=&#8221;default&#8221; background_color=&#8221;#fbbf6c&#8221; width=&#8221;100%&#8221; max_width=&#8221;2560px&#8221; height=&#8221;30px&#8221; custom_padding=&#8221;0px||0px||false|false&#8221; global_colors_info=&#8221;{}&#8221;][et_pb_column type=&#8221;4_4&#8243; _builder_version=&#8221;4.27.4&#8243; _module_preset=&#8221;default&#8221; global_colors_info=&#8221;{}&#8221;][\/et_pb_column][\/et_pb_row][\/et_pb_section][et_pb_section fb_built=&#8221;1&#8243; next_background_color=&#8221;#ffffff&#8221; _builder_version=&#8221;4.27.4&#8243; _module_preset=&#8221;default&#8221; background_enable_color=&#8221;off&#8221; background_image=&#8221;https:\/\/turismegirones.cat\/wp-content\/uploads\/2018\/07\/banysarabs2_capsalera.jpg&#8221; height=&#8221;30vh&#8221; bottom_divider_style=&#8221;wave&#8221; bottom_divider_height=&#8221;13px&#8221; bottom_divider_repeat=&#8221;50x&#8221; global_colors_info=&#8221;{}&#8221;][\/et_pb_section][et_pb_section fb_built=&#8221;1&#8243; _builder_version=&#8221;4.27.4&#8243; _module_preset=&#8221;default&#8221; global_colors_info=&#8221;{}&#8221;][et_pb_row _builder_version=&#8221;4.27.4&#8243; _module_preset=&#8221;default&#8221; custom_margin=&#8221;||||false|false&#8221; global_colors_info=&#8221;{}&#8221;][et_pb_column type=&#8221;4_4&#8243; _builder_version=&#8221;4.27.4&#8243; _module_preset=&#8221;default&#8221; global_colors_info=&#8221;{}&#8221;][et_pb_text _builder_version=&#8221;4.27.4&#8243; _module_preset=&#8221;default&#8221; header_text_align=&#8221;center&#8221; global_colors_info=&#8221;{}&#8221;] Cultural heritage [\/et_pb_text][et_pb_text _builder_version=&#8221;4.27.4&#8243; _module_preset=&#8221;default&#8221; link_font=&#8221;|700|||||||&#8221; link_text_color=&#8221;#304D5F&#8221; text_orientation=&#8221;center&#8221; width=&#8221;75%&#8221; [&hellip;]<\/p>\n","protected":false},"author":1,"featured_media":0,"parent":0,"menu_order":0,"comment_status":"closed","ping_status":"closed","template":"","meta":{"_acf_changed":false,"_et_pb_use_builder":"on","_et_pb_old_content":"","_et_gb_content_width":"","footnotes":""},"class_list":["post-64359","page","type-page","status-publish","hentry"],"acf":[],"publishpress_future_action":{"enabled":false,"date":"2026-05-21 06:28:17","action":"change-status","newStatus":"draft","terms":[],"taxonomy":"translation_priority","extraData":[]},"publishpress_future_workflow_manual_trigger":{"enabledWorkflows":[]},"_links":{"self":[{"href":"https:\/\/turismegirones.cat\/en\/wp-json\/wp\/v2\/pages\/64359","targetHints":{"allow":["GET"]}}],"collection":[{"href":"https:\/\/turismegirones.cat\/en\/wp-json\/wp\/v2\/pages"}],"about":[{"href":"https:\/\/turismegirones.cat\/en\/wp-json\/wp\/v2\/types\/page"}],"author":[{"embeddable":true,"href":"https:\/\/turismegirones.cat\/en\/wp-json\/wp\/v2\/users\/1"}],"replies":[{"embeddable":true,"href":"https:\/\/turismegirones.cat\/en\/wp-json\/wp\/v2\/comments?post=64359"}],"version-history":[{"count":2,"href":"https:\/\/turismegirones.cat\/en\/wp-json\/wp\/v2\/pages\/64359\/revisions"}],"predecessor-version":[{"id":64361,"href":"https:\/\/turismegirones.cat\/en\/wp-json\/wp\/v2\/pages\/64359\/revisions\/64361"}],"wp:attachment":[{"href":"https:\/\/turismegirones.cat\/en\/wp-json\/wp\/v2\/media?parent=64359"}],"curies":[{"name":"wp","href":"https:\/\/api.w.org\/{rel}","templated":true}]}}