{"id":64317,"date":"2025-10-09T14:50:04","date_gmt":"2025-10-09T07:50:04","guid":{"rendered":"http:\/\/turismegirones.dev.mialias.net\/restaurants\/"},"modified":"2025-12-15T22:34:04","modified_gmt":"2025-12-15T15:34:04","slug":"restaurants","status":"publish","type":"page","link":"https:\/\/turismegirones.cat\/en\/restaurants\/","title":{"rendered":"Restaurants"},"content":{"rendered":"<p>[et_pb_section fb_built=&#8221;1&#8243; _builder_version=&#8221;4.27.4&#8243; _module_preset=&#8221;default&#8221; custom_padding=&#8221;0px||0px||false|false&#8221; locked=&#8221;off&#8221; global_colors_info=&#8221;{}&#8221;][et_pb_row _builder_version=&#8221;4.27.4&#8243; _module_preset=&#8221;default&#8221; background_color=&#8221;#ffe18b&#8221; width=&#8221;100%&#8221; max_width=&#8221;2560px&#8221; height=&#8221;30px&#8221; custom_padding=&#8221;0px||0px||false|false&#8221; global_colors_info=&#8221;{}&#8221;][et_pb_column type=&#8221;4_4&#8243; _builder_version=&#8221;4.27.4&#8243; _module_preset=&#8221;default&#8221; global_colors_info=&#8221;{}&#8221;][\/et_pb_column][\/et_pb_row][\/et_pb_section][et_pb_section fb_built=&#8221;1&#8243; next_background_color=&#8221;#ffffff&#8221; _builder_version=&#8221;4.27.4&#8243; _module_preset=&#8221;default&#8221; background_enable_color=&#8221;off&#8221; background_image=&#8221;https:\/\/turismegirones.cat\/wp-content\/uploads\/2019\/01\/CB-024-e1547129585339.jpg&#8221; height=&#8221;30vh&#8221; bottom_divider_style=&#8221;wave&#8221; bottom_divider_height=&#8221;13px&#8221; bottom_divider_repeat=&#8221;50x&#8221; global_colors_info=&#8221;{}&#8221;][\/et_pb_section][et_pb_section fb_built=&#8221;1&#8243; _builder_version=&#8221;4.27.4&#8243; _module_preset=&#8221;default&#8221; global_colors_info=&#8221;{}&#8221;][et_pb_row _builder_version=&#8221;4.27.4&#8243; _module_preset=&#8221;default&#8221; custom_margin=&#8221;||||false|false&#8221; global_colors_info=&#8221;{}&#8221;][et_pb_column type=&#8221;4_4&#8243; _builder_version=&#8221;4.27.4&#8243; _module_preset=&#8221;default&#8221; global_colors_info=&#8221;{}&#8221;][et_pb_text _builder_version=&#8221;4.27.4&#8243; _module_preset=&#8221;default&#8221; header_text_align=&#8221;center&#8221; global_colors_info=&#8221;{}&#8221;]<\/p>\n<h1><span data-metadata=\"&lt;!--(figmeta)eyJmaWxlS2V5IjoiSUhXMTB6NmY5V2wxTjB4enZzRndNdSIsInBhc3RlSUQiOjEyOTAyOTU2MDgsImRhdGFUeXBlIjoic2NlbmUifQo=(\/figmeta)--&gt;\"><\/span>Restaurants<\/h1>\n<p>[\/et_pb_text][et_pb_text _builder_version=&#8221;4.27.4&#8243; _module_preset=&#8221;default&#8221; text_orientation=&#8221;center&#8221; width=&#8221;75%&#8221; module_alignment=&#8221;center&#8221; global_colors_info=&#8221;{}&#8221;]<\/p>\n<p data-start=\"12\" data-end=\"274\">We are located in a transit area close to both the sea and the mountains, full of contrasts, where visitors can enjoy the finest traditional homemade cuisine rooted in local products, while also tasting more elaborate dishes from creative, author-driven cuisine.<\/p>\n<p><\/p>\n<p data-start=\"276\" data-end=\"494\">Both the most traditional, family-run restaurants and the most select, award-winning establishments are committed to using high-quality local products in order to offer an attractive destination of flavours and tastes.<\/p>\n<p><\/p>\n<p data-start=\"496\" data-end=\"785\">Thus, alongside excellent veal, a variety of omelettes (such as zucchini leaf omelette), snails, the famous <em data-start=\"604\" data-end=\"615\">platillos<\/em> (stews made with offal, meats, poultry, mushrooms and vegetables), and the renowned <em data-start=\"700\" data-end=\"708\">xuixos<\/em>, visitors can also enjoy the sublime dishes of Michelin-starred restaurants.<\/p>\n<p><\/p>\n<p data-start=\"787\" data-end=\"928\">We encourage you to savour this sensory experience by discovering the gastronomic collectives and the culinary particularities of the region.<\/p>\n<p><\/p>\n<p>Aix\u00f2 s\u00ed, tant els restaurants m\u00e9s\u00a0<strong>tradicionals i familiars<\/strong>\u00a0com els restaurants\u00a0<strong>m\u00e9s selectes<\/strong>\u00a0premiats aposten pels productes de proximitat i de qualitat per tal d\u2019oferir, tamb\u00e9, una atractiva destinaci\u00f3 de sabors i gustos.<\/p>\n<p><\/p>\n<p>O sigui que al costat de la bona vedella, les truites variades (com la de fulles de carbass\u00f3), els cargols, els famosos \u201cplatillos\u201d (guisats amb menuts, carns, aviram, bolets i hortalisses), i passant pels c\u00e8lebres xuixos, el visitant tamb\u00e9 podr\u00e0 fruir dels plats sublims dels establiments amb\u00a0<strong>estrelles Michelin<\/strong>.<\/p>\n<p><\/p>\n<p>Us recomanem que gaudiu d\u2019aquesta experi\u00e8ncia sensorial tot descobrint els\u00a0<strong>col\u00b7lectius gastron\u00f2mics<\/strong>\u00a0i les particularitats culin\u00e0ries de la comarca!<\/p>\n<p>[\/et_pb_text][\/et_pb_column][\/et_pb_row][\/et_pb_section][et_pb_section fb_built=&#8221;1&#8243; _builder_version=&#8221;4.27.4&#8243; _module_preset=&#8221;default&#8221; custom_padding=&#8221;0px||||false|false&#8221; locked=&#8221;off&#8221; global_colors_info=&#8221;{}&#8221;][et_pb_row module_class=&#8221;municipis-grid&#8221; _builder_version=&#8221;4.27.4&#8243; _module_preset=&#8221;default&#8221; global_colors_info=&#8221;{}&#8221;][et_pb_column type=&#8221;4_4&#8243; _builder_version=&#8221;4.27.4&#8243; _module_preset=&#8221;default&#8221; global_colors_info=&#8221;{}&#8221;][et_pb_code _builder_version=&#8221;4.27.4&#8243; _module_preset=&#8221;default&#8221; hover_enabled=&#8221;0&#8243; global_colors_info=&#8221;{}&#8221; sticky_enabled=&#8221;0&#8243;]<div class=\"pv-grid\"><article class=\"pv-card\"><a class=\"pv-thumb\" href=\"https:\/\/turismegirones.cat\/en\/gastronomia\/associacio-dhostaleria-turisme-i-restauracio-4\/\"><img decoding=\"async\" width=\"400\" height=\"400\" src=\"https:\/\/turismegirones.cat\/wp-content\/uploads\/2025\/12\/CaLNM3Tn_400x400.jpg\" class=\"pv-img wp-post-image\" alt=\"\" loading=\"lazy\" srcset=\"https:\/\/turismegirones.cat\/wp-content\/uploads\/2025\/12\/CaLNM3Tn_400x400.jpg 400w, https:\/\/turismegirones.cat\/wp-content\/uploads\/2025\/12\/CaLNM3Tn_400x400-150x150.jpg 150w, https:\/\/turismegirones.cat\/wp-content\/uploads\/2025\/12\/CaLNM3Tn_400x400-300x300.jpg 300w\" sizes=\"(max-width: 400px) 100vw, 400px\" \/><\/a><div class=\"pv-body\"><h3 class=\"pv-title\"><a href=\"https:\/\/turismegirones.cat\/en\/gastronomia\/associacio-dhostaleria-turisme-i-restauracio-4\/\">Associaci\u00f3 d&#8217;Hostaleria Turisme i Restauraci\u00f3<\/a><\/h3><a class=\"pv-more\" href=\"https:\/\/turismegirones.cat\/en\/gastronomia\/associacio-dhostaleria-turisme-i-restauracio-4\/\">More information<\/a><\/div><\/article><article class=\"pv-card\"><a class=\"pv-thumb\" href=\"https:\/\/turismegirones.cat\/en\/gastronomia\/associaco-de-restaurants-de-llagostera-4\/\"><img decoding=\"async\" width=\"858\" height=\"570\" src=\"https:\/\/turismegirones.cat\/wp-content\/uploads\/2018\/10\/campanar_senyera_llagostera.jpg\" class=\"pv-img\" alt=\"llagostera\" loading=\"lazy\" srcset=\"https:\/\/turismegirones.cat\/wp-content\/uploads\/2018\/10\/campanar_senyera_llagostera.jpg 858w, https:\/\/turismegirones.cat\/wp-content\/uploads\/2018\/10\/campanar_senyera_llagostera-480x319.jpg 480w\" sizes=\"(min-width: 0px) and (max-width: 480px) 480px, (min-width: 481px) 858px, 100vw\" \/><\/a><div class=\"pv-body\"><h3 class=\"pv-title\"><a href=\"https:\/\/turismegirones.cat\/en\/gastronomia\/associaco-de-restaurants-de-llagostera-4\/\">Associaci\u00f3 de Restaurants de Llagostera<\/a><\/h3><a class=\"pv-more\" href=\"https:\/\/turismegirones.cat\/en\/gastronomia\/associaco-de-restaurants-de-llagostera-4\/\">More information<\/a><\/div><\/article><article class=\"pv-card\"><a class=\"pv-thumb\" href=\"https:\/\/turismegirones.cat\/en\/gastronomia\/cuina-de-carboneres-3\/\"><img decoding=\"async\" width=\"792\" height=\"792\" src=\"https:\/\/turismegirones.cat\/wp-content\/uploads\/2018\/10\/Conill-a-la-rabiosa-e1540913436369-1.jpg\" class=\"pv-img\" alt=\"\" loading=\"lazy\" srcset=\"https:\/\/turismegirones.cat\/wp-content\/uploads\/2018\/10\/Conill-a-la-rabiosa-e1540913436369-1.jpg 792w, https:\/\/turismegirones.cat\/wp-content\/uploads\/2018\/10\/Conill-a-la-rabiosa-e1540913436369-1-480x480.jpg 480w\" sizes=\"(min-width: 0px) and (max-width: 480px) 480px, (min-width: 481px) 792px, 100vw\" \/><\/a><div class=\"pv-body\"><h3 class=\"pv-title\"><a href=\"https:\/\/turismegirones.cat\/en\/gastronomia\/cuina-de-carboneres-3\/\">Cuina de la Vall del Ll\u00e9mena<\/a><\/h3><a class=\"pv-more\" href=\"https:\/\/turismegirones.cat\/en\/gastronomia\/cuina-de-carboneres-3\/\">More information<\/a><\/div><\/article><article class=\"pv-card\"><a class=\"pv-thumb\" href=\"https:\/\/turismegirones.cat\/en\/gastronomia\/grup-gastronomic-girona-bons-fogons-3\/\"><img decoding=\"async\" width=\"1024\" height=\"683\" src=\"https:\/\/turismegirones.cat\/wp-content\/uploads\/2018\/10\/EsparrecsViognier_CanRoca_BonsFogons-1-1024x683.jpg\" class=\"pv-img\" alt=\"\" loading=\"lazy\" srcset=\"https:\/\/turismegirones.cat\/wp-content\/uploads\/2018\/10\/EsparrecsViognier_CanRoca_BonsFogons-1-1024x683.jpg 1024w, https:\/\/turismegirones.cat\/wp-content\/uploads\/2018\/10\/EsparrecsViognier_CanRoca_BonsFogons-1-980x653.jpg 980w, https:\/\/turismegirones.cat\/wp-content\/uploads\/2018\/10\/EsparrecsViognier_CanRoca_BonsFogons-1-480x320.jpg 480w\" sizes=\"(min-width: 0px) and (max-width: 480px) 480px, (min-width: 481px) and (max-width: 980px) 980px, (min-width: 981px) 1024px, 100vw\" \/><\/a><div class=\"pv-body\"><h3 class=\"pv-title\"><a href=\"https:\/\/turismegirones.cat\/en\/gastronomia\/grup-gastronomic-girona-bons-fogons-3\/\">Grup Gastron\u00f2mic Girona Bons Fogons<\/a><\/h3><a class=\"pv-more\" href=\"https:\/\/turismegirones.cat\/en\/gastronomia\/grup-gastronomic-girona-bons-fogons-3\/\">More information<\/a><\/div><\/article><\/div><!-- [et_pb_line_break_holder] -->[\/et_pb_code][\/et_pb_column][\/et_pb_row][\/et_pb_section]<\/p>\n","protected":false},"excerpt":{"rendered":"<p>[et_pb_section fb_built=&#8221;1&#8243; _builder_version=&#8221;4.27.4&#8243; _module_preset=&#8221;default&#8221; custom_padding=&#8221;0px||0px||false|false&#8221; locked=&#8221;off&#8221; global_colors_info=&#8221;{}&#8221;][et_pb_row _builder_version=&#8221;4.27.4&#8243; _module_preset=&#8221;default&#8221; background_color=&#8221;#ffe18b&#8221; width=&#8221;100%&#8221; max_width=&#8221;2560px&#8221; height=&#8221;30px&#8221; custom_padding=&#8221;0px||0px||false|false&#8221; global_colors_info=&#8221;{}&#8221;][et_pb_column type=&#8221;4_4&#8243; _builder_version=&#8221;4.27.4&#8243; _module_preset=&#8221;default&#8221; global_colors_info=&#8221;{}&#8221;][\/et_pb_column][\/et_pb_row][\/et_pb_section][et_pb_section fb_built=&#8221;1&#8243; next_background_color=&#8221;#ffffff&#8221; _builder_version=&#8221;4.27.4&#8243; _module_preset=&#8221;default&#8221; background_enable_color=&#8221;off&#8221; background_image=&#8221;https:\/\/turismegirones.cat\/wp-content\/uploads\/2019\/01\/CB-024-e1547129585339.jpg&#8221; height=&#8221;30vh&#8221; bottom_divider_style=&#8221;wave&#8221; bottom_divider_height=&#8221;13px&#8221; bottom_divider_repeat=&#8221;50x&#8221; global_colors_info=&#8221;{}&#8221;][\/et_pb_section][et_pb_section fb_built=&#8221;1&#8243; _builder_version=&#8221;4.27.4&#8243; _module_preset=&#8221;default&#8221; global_colors_info=&#8221;{}&#8221;][et_pb_row _builder_version=&#8221;4.27.4&#8243; _module_preset=&#8221;default&#8221; custom_margin=&#8221;||||false|false&#8221; global_colors_info=&#8221;{}&#8221;][et_pb_column type=&#8221;4_4&#8243; _builder_version=&#8221;4.27.4&#8243; _module_preset=&#8221;default&#8221; global_colors_info=&#8221;{}&#8221;][et_pb_text _builder_version=&#8221;4.27.4&#8243; _module_preset=&#8221;default&#8221; header_text_align=&#8221;center&#8221; global_colors_info=&#8221;{}&#8221;] Restaurants [\/et_pb_text][et_pb_text _builder_version=&#8221;4.27.4&#8243; _module_preset=&#8221;default&#8221; text_orientation=&#8221;center&#8221; width=&#8221;75%&#8221; module_alignment=&#8221;center&#8221; global_colors_info=&#8221;{}&#8221;] We [&hellip;]<\/p>\n","protected":false},"author":1,"featured_media":0,"parent":0,"menu_order":0,"comment_status":"closed","ping_status":"closed","template":"","meta":{"_acf_changed":false,"_et_pb_use_builder":"on","_et_pb_old_content":"","_et_gb_content_width":"","footnotes":""},"class_list":["post-64317","page","type-page","status-publish","hentry"],"acf":[],"publishpress_future_action":{"enabled":false,"date":"2026-05-21 06:28:06","action":"change-status","newStatus":"draft","terms":[],"taxonomy":"translation_priority","extraData":[]},"publishpress_future_workflow_manual_trigger":{"enabledWorkflows":[]},"_links":{"self":[{"href":"https:\/\/turismegirones.cat\/en\/wp-json\/wp\/v2\/pages\/64317","targetHints":{"allow":["GET"]}}],"collection":[{"href":"https:\/\/turismegirones.cat\/en\/wp-json\/wp\/v2\/pages"}],"about":[{"href":"https:\/\/turismegirones.cat\/en\/wp-json\/wp\/v2\/types\/page"}],"author":[{"embeddable":true,"href":"https:\/\/turismegirones.cat\/en\/wp-json\/wp\/v2\/users\/1"}],"replies":[{"embeddable":true,"href":"https:\/\/turismegirones.cat\/en\/wp-json\/wp\/v2\/comments?post=64317"}],"version-history":[{"count":2,"href":"https:\/\/turismegirones.cat\/en\/wp-json\/wp\/v2\/pages\/64317\/revisions"}],"predecessor-version":[{"id":64319,"href":"https:\/\/turismegirones.cat\/en\/wp-json\/wp\/v2\/pages\/64317\/revisions\/64319"}],"wp:attachment":[{"href":"https:\/\/turismegirones.cat\/en\/wp-json\/wp\/v2\/media?parent=64317"}],"curies":[{"name":"wp","href":"https:\/\/api.w.org\/{rel}","templated":true}]}}