{"id":64067,"date":"2025-10-09T20:54:08","date_gmt":"2025-10-09T13:54:08","guid":{"rendered":"http:\/\/turismegirones.dev.mialias.net\/apartments\/"},"modified":"2025-12-15T18:00:58","modified_gmt":"2025-12-15T11:00:58","slug":"apartments","status":"publish","type":"page","link":"https:\/\/turismegirones.cat\/en\/apartments\/","title":{"rendered":"Apartments"},"content":{"rendered":"<p>[et_pb_section fb_built=&#8221;1&#8243; _builder_version=&#8221;4.27.4&#8243; _module_preset=&#8221;default&#8221; custom_padding=&#8221;0px||0px||false|false&#8221; locked=&#8221;off&#8221; global_colors_info=&#8221;{}&#8221;][et_pb_row _builder_version=&#8221;4.27.4&#8243; _module_preset=&#8221;default&#8221; background_color=&#8221;#9ed5d5&#8243; width=&#8221;100%&#8221; max_width=&#8221;2560px&#8221; height=&#8221;30px&#8221; custom_padding=&#8221;0px||0px||false|false&#8221; global_colors_info=&#8221;{}&#8221;][et_pb_column type=&#8221;4_4&#8243; _builder_version=&#8221;4.27.4&#8243; _module_preset=&#8221;default&#8221; global_colors_info=&#8221;{}&#8221;][\/et_pb_column][\/et_pb_row][\/et_pb_section][et_pb_section fb_built=&#8221;1&#8243; next_background_color=&#8221;#ffffff&#8221; _builder_version=&#8221;4.27.4&#8243; _module_preset=&#8221;default&#8221; background_enable_color=&#8221;off&#8221; background_image=&#8221;https:\/\/turismegirones.cat\/wp-content\/uploads\/2018\/12\/del_vi_apartaments_foto-e1544528907256.jpg&#8221; height=&#8221;30vh&#8221; bottom_divider_style=&#8221;wave&#8221; bottom_divider_height=&#8221;13px&#8221; bottom_divider_repeat=&#8221;50x&#8221; global_colors_info=&#8221;{}&#8221;][\/et_pb_section][et_pb_section fb_built=&#8221;1&#8243; _builder_version=&#8221;4.27.4&#8243; _module_preset=&#8221;default&#8221; global_colors_info=&#8221;{}&#8221;][et_pb_row _builder_version=&#8221;4.27.4&#8243; _module_preset=&#8221;default&#8221; custom_margin=&#8221;||||false|false&#8221; global_colors_info=&#8221;{}&#8221;][et_pb_column type=&#8221;4_4&#8243; _builder_version=&#8221;4.27.4&#8243; _module_preset=&#8221;default&#8221; global_colors_info=&#8221;{}&#8221;][et_pb_text _builder_version=&#8221;4.27.4&#8243; _module_preset=&#8221;default&#8221; header_text_align=&#8221;center&#8221; global_colors_info=&#8221;{}&#8221;]<\/p>\n<h1><span data-metadata=\"&lt;!--(figmeta)eyJmaWxlS2V5IjoiSUhXMTB6NmY5V2wxTjB4enZzRndNdSIsInBhc3RlSUQiOjEyOTAyOTU2MDgsImRhdGFUeXBlIjoic2NlbmUifQo=(\/figmeta)--&gt;\"><\/span>Apartments<\/h1>\n<p>&nbsp;<\/p>\n<p>[\/et_pb_text][et_pb_text _builder_version=&#8221;4.27.4&#8243; _module_preset=&#8221;default&#8221; link_font=&#8221;|700|||||||&#8221; link_text_color=&#8221;#304D5F&#8221; text_orientation=&#8221;center&#8221; width=&#8221;75%&#8221; module_alignment=&#8221;center&#8221; global_colors_info=&#8221;{}&#8221;]<\/p>\n<p>El Giron\u00e8s offers a wide range of accommodation adapted to the needs of each person Central and practical accommodation, charming rural houses, farmhouses surrounded by nature\u2026 there are options for all tastes and all budgets. Enjoy them!<\/p>\n<p>If you miss any company, send us your request at<\/p>\n<p><a href=\"turisme@girones.cat.\">turisme@girones.cat<\/a><\/p>\n<p>[\/et_pb_text][\/et_pb_column][\/et_pb_row][\/et_pb_section][et_pb_section fb_built=&#8221;1&#8243; _builder_version=&#8221;4.27.4&#8243; _module_preset=&#8221;default&#8221; background_color=&#8221;#FFF9F4&#8243; custom_padding=&#8221;||||false|false&#8221; locked=&#8221;off&#8221; global_colors_info=&#8221;{}&#8221;][et_pb_row module_class=&#8221;municipis-grid&#8221; _builder_version=&#8221;4.27.4&#8243; _module_preset=&#8221;default&#8221; global_colors_info=&#8221;{}&#8221;][et_pb_column type=&#8221;4_4&#8243; _builder_version=&#8221;4.27.4&#8243; _module_preset=&#8221;default&#8221; global_colors_info=&#8221;{}&#8221;][et_pb_text _builder_version=&#8221;4.27.4&#8243; _module_preset=&#8221;default&#8221; text_text_color=&#8221;#304D5F&#8221; text_font_size=&#8221;32px&#8221; header_text_align=&#8221;center&#8221; header_2_text_align=&#8221;center&#8221; text_orientation=&#8221;center&#8221; global_colors_info=&#8221;{}&#8221;]<\/p>\n<p><span data-metadata=\"&lt;!--(figmeta)eyJmaWxlS2V5IjoiSUhXMTB6NmY5V2wxTjB4enZzRndNdSIsInBhc3RlSUQiOjEyOTAyOTU2MDgsImRhdGFUeXBlIjoic2NlbmUifQo=(\/figmeta)--&gt;\"><\/span><strong>Featured<\/strong><\/p>\n<p>[\/et_pb_text][et_pb_code _builder_version=&#8221;4.27.4&#8243; _module_preset=&#8221;default&#8221; hover_enabled=&#8221;0&#8243; global_colors_info=&#8221;{}&#8221; sticky_enabled=&#8221;0&#8243;]<div class=\"alot-grid\"><article class=\"alot-card\"><div class=\"alot-location\">Celr\u00e0<\/div><a class=\"alot-thumb\" href=\"https:\/\/turismegirones.cat\/en\/allotjament\/can-quel-dels-alls-2\/\"><img decoding=\"async\" width=\"1024\" height=\"683\" src=\"https:\/\/turismegirones.cat\/wp-content\/uploads\/2020\/01\/can-quel-alls-1-1.jpg\" class=\"alot-img\" alt=\"can quel dels alls celr\u00e0 giron\u00e8s\" loading=\"lazy\" srcset=\"https:\/\/turismegirones.cat\/wp-content\/uploads\/2020\/01\/can-quel-alls-1-1.jpg 1024w, https:\/\/turismegirones.cat\/wp-content\/uploads\/2020\/01\/can-quel-alls-1-1-980x654.jpg 980w, https:\/\/turismegirones.cat\/wp-content\/uploads\/2020\/01\/can-quel-alls-1-1-480x320.jpg 480w\" sizes=\"(min-width: 0px) and (max-width: 480px) 480px, (min-width: 481px) and (max-width: 980px) 980px, (min-width: 981px) 1024px, 100vw\" \/><\/a><div class=\"alot-body\"><h3 class=\"alot-title\"><a href=\"https:\/\/turismegirones.cat\/en\/allotjament\/can-quel-dels-alls-2\/\">Can Quel dels Alls<\/a><\/h3><a class=\"alot-more\" href=\"https:\/\/turismegirones.cat\/en\/allotjament\/can-quel-dels-alls-2\/\">More information<\/a><\/div><\/article><article class=\"alot-card\"><div class=\"alot-location\">Llor\u00e0, Sant Mart\u00ed de Ll\u00e9mana<\/div><a class=\"alot-thumb\" href=\"https:\/\/turismegirones.cat\/en\/allotjament\/el-nus-de-pedra-2-2-3\/\"><img decoding=\"async\" width=\"1024\" height=\"509\" src=\"https:\/\/turismegirones.cat\/wp-content\/uploads\/2018\/10\/F0304_20180601_293-1-1024x509.jpg\" class=\"alot-img\" alt=\"nus de pedra llor\u00e0 giron\u00e8s\" loading=\"lazy\" srcset=\"https:\/\/turismegirones.cat\/wp-content\/uploads\/2018\/10\/F0304_20180601_293-1-1024x509.jpg 1024w, https:\/\/turismegirones.cat\/wp-content\/uploads\/2018\/10\/F0304_20180601_293-1-980x487.jpg 980w, https:\/\/turismegirones.cat\/wp-content\/uploads\/2018\/10\/F0304_20180601_293-1-480x238.jpg 480w\" sizes=\"(min-width: 0px) and (max-width: 480px) 480px, (min-width: 481px) and (max-width: 980px) 980px, (min-width: 981px) 1024px, 100vw\" \/><\/a><div class=\"alot-body\"><h3 class=\"alot-title\"><a href=\"https:\/\/turismegirones.cat\/en\/allotjament\/el-nus-de-pedra-2-2-3\/\">El Nus de Pedra<\/a><\/h3><a class=\"alot-more\" href=\"https:\/\/turismegirones.cat\/en\/allotjament\/el-nus-de-pedra-2-2-3\/\">More information<\/a><\/div><\/article><\/div><!-- [et_pb_line_break_holder] -->[\/et_pb_code][\/et_pb_column][\/et_pb_row][\/et_pb_section][et_pb_section fb_built=&#8221;1&#8243; _builder_version=&#8221;4.27.4&#8243; _module_preset=&#8221;default&#8221; custom_padding=&#8221;||||false|false&#8221; locked=&#8221;off&#8221; global_colors_info=&#8221;{}&#8221;][et_pb_row module_class=&#8221;municipis-grid&#8221; _builder_version=&#8221;4.27.4&#8243; _module_preset=&#8221;default&#8221; global_colors_info=&#8221;{}&#8221;][et_pb_column type=&#8221;4_4&#8243; _builder_version=&#8221;4.27.4&#8243; _module_preset=&#8221;default&#8221; global_colors_info=&#8221;{}&#8221;][et_pb_text _builder_version=&#8221;4.27.4&#8243; _module_preset=&#8221;default&#8221; text_text_color=&#8221;#304D5F&#8221; text_font_size=&#8221;32px&#8221; header_text_align=&#8221;center&#8221; header_2_text_align=&#8221;center&#8221; text_orientation=&#8221;center&#8221; locked=&#8221;off&#8221; global_colors_info=&#8221;{}&#8221;]<\/p>\n<p><strong>Descobreix-ne m\u00e9s<\/strong><\/p>\n<p>[\/et_pb_text][et_pb_code _builder_version=&#8221;4.27.4&#8243; _module_preset=&#8221;default&#8221; hover_enabled=&#8221;0&#8243; global_colors_info=&#8221;{}&#8221; sticky_enabled=&#8221;0&#8243;]<ul class=\"alot-table\"><li class=\"alot-row\"><span class=\"alot-col alot-name\"><a>Apartaments Pla\u00e7a del Vi<\/a><\/span><span class=\"alot-col alot-phone\"><a href=\"tel:972483038\">972 483 038<\/a><\/span><span class=\"alot-col alot-web\"><a target=\"_blank\" rel=\"noopener\" href=\"https:\/\/www.delviapartments.com\/es\">www.delviapartments.com\/es<\/a><\/span><\/li><li class=\"alot-row\"><span class=\"alot-col alot-name\"><a>Can Quel dels Alls<\/a><\/span><span class=\"alot-col alot-phone\"><a href=\"tel:644520420\">644 520 420<\/a><\/span><span class=\"alot-col alot-web\"><a target=\"_blank\" rel=\"noopener\" href=\"https:\/\/www.idealpsi.cat\/ca\/lloguer-turistic\/can-quel-dels-alls\">www.idealpsi.cat\/ca\/lloguer-turistic\/can-quel-dels-alls<\/a><\/span><\/li><li class=\"alot-row\"><span class=\"alot-col alot-name\"><a>El Nus de Pedra<\/a><\/span><span class=\"alot-col alot-phone\"><a href=\"tel:972443170\">972 443 170<\/a><\/span><span class=\"alot-col alot-web\"><a target=\"_blank\" rel=\"noopener\" href=\"https:\/\/www.elnusdepedra.com\">www.elnusdepedra.com<\/a><\/span><\/li><li class=\"alot-row\"><span class=\"alot-col alot-name\"><a>Els Qu\u00edmics<\/a><\/span><span class=\"alot-col alot-phone\"><a href=\"tel:972068810605986972\">972 068 810 \/ 605 986 972<\/a><\/span><span class=\"alot-col alot-web\"><a target=\"_blank\" rel=\"noopener\" href=\"https:\/\/www.quimics.com\">www.quimics.com<\/a><\/span><\/li><li class=\"alot-row\"><span class=\"alot-col alot-name\"><a>Flateli Apartments<\/a><\/span><span class=\"alot-col alot-phone\"><a href=\"tel:935951819\">935 951 819<\/a><\/span><span class=\"alot-col alot-web\"><a target=\"_blank\" rel=\"noopener\" href=\"https:\/\/www.flateli.com\">www.flateli.com<\/a><\/span><\/li><li class=\"alot-row\"><span class=\"alot-col alot-name\"><a>Girona Centre<\/a><\/span><span class=\"alot-col alot-phone\"><a href=\"tel:972296073648982866\">972 296 073 \/ 648 982 866<\/a><\/span><span class=\"alot-col alot-web\"><a target=\"_blank\" rel=\"noopener\" href=\"https:\/\/www.gironacentre.com\">www.gironacentre.com<\/a><\/span><\/li><li class=\"alot-row\"><span class=\"alot-col alot-name\"><a>Girorooms<\/a><\/span><span class=\"alot-col alot-phone\"><a href=\"tel:680730992972416391\">680 730 992 \/ 972 416 391<\/a><\/span><span class=\"alot-col alot-web\"><a target=\"_blank\" rel=\"noopener\" href=\"https:\/\/www.giroroomsgirona.com\">www.giroroomsgirona.com<\/a><\/span><\/li><li class=\"alot-row\"><span class=\"alot-col alot-name\"><a>La 19<\/a><\/span><span class=\"alot-col alot-phone\"><a href=\"tel:693005090\">693 005 090<\/a><\/span><span class=\"alot-col alot-web\"><a target=\"_blank\" rel=\"noopener\" href=\"https:\/\/www.la19girona.com\">www.la19girona.com<\/a><\/span><\/li><li class=\"alot-row\"><span class=\"alot-col alot-name\"><a>Sleeping Ciutadans<\/a><\/span><span class=\"alot-col alot-phone\"><a href=\"tel:972223583616523452\">972 223 583 \/ 616 523 452<\/a><\/span><span class=\"alot-col alot-web\"><a target=\"_blank\" rel=\"noopener\" href=\"https:\/\/www.sleepingirona.com\">www.sleepingirona.com<\/a><\/span><\/li><\/ul><!-- [et_pb_line_break_holder] -->[\/et_pb_code][\/et_pb_column][\/et_pb_row][\/et_pb_section]<\/p>\n","protected":false},"excerpt":{"rendered":"<p>[et_pb_section fb_built=&#8221;1&#8243; _builder_version=&#8221;4.27.4&#8243; _module_preset=&#8221;default&#8221; custom_padding=&#8221;0px||0px||false|false&#8221; locked=&#8221;off&#8221; global_colors_info=&#8221;{}&#8221;][et_pb_row _builder_version=&#8221;4.27.4&#8243; _module_preset=&#8221;default&#8221; background_color=&#8221;#9ed5d5&#8243; width=&#8221;100%&#8221; max_width=&#8221;2560px&#8221; height=&#8221;30px&#8221; custom_padding=&#8221;0px||0px||false|false&#8221; global_colors_info=&#8221;{}&#8221;][et_pb_column type=&#8221;4_4&#8243; _builder_version=&#8221;4.27.4&#8243; _module_preset=&#8221;default&#8221; global_colors_info=&#8221;{}&#8221;][\/et_pb_column][\/et_pb_row][\/et_pb_section][et_pb_section fb_built=&#8221;1&#8243; next_background_color=&#8221;#ffffff&#8221; _builder_version=&#8221;4.27.4&#8243; _module_preset=&#8221;default&#8221; background_enable_color=&#8221;off&#8221; background_image=&#8221;https:\/\/turismegirones.cat\/wp-content\/uploads\/2018\/12\/del_vi_apartaments_foto-e1544528907256.jpg&#8221; height=&#8221;30vh&#8221; bottom_divider_style=&#8221;wave&#8221; bottom_divider_height=&#8221;13px&#8221; bottom_divider_repeat=&#8221;50x&#8221; global_colors_info=&#8221;{}&#8221;][\/et_pb_section][et_pb_section fb_built=&#8221;1&#8243; _builder_version=&#8221;4.27.4&#8243; _module_preset=&#8221;default&#8221; global_colors_info=&#8221;{}&#8221;][et_pb_row _builder_version=&#8221;4.27.4&#8243; _module_preset=&#8221;default&#8221; custom_margin=&#8221;||||false|false&#8221; global_colors_info=&#8221;{}&#8221;][et_pb_column type=&#8221;4_4&#8243; _builder_version=&#8221;4.27.4&#8243; _module_preset=&#8221;default&#8221; global_colors_info=&#8221;{}&#8221;][et_pb_text _builder_version=&#8221;4.27.4&#8243; _module_preset=&#8221;default&#8221; header_text_align=&#8221;center&#8221; global_colors_info=&#8221;{}&#8221;] Apartments &nbsp; [\/et_pb_text][et_pb_text _builder_version=&#8221;4.27.4&#8243; _module_preset=&#8221;default&#8221; link_font=&#8221;|700|||||||&#8221; link_text_color=&#8221;#304D5F&#8221; text_orientation=&#8221;center&#8221; width=&#8221;75%&#8221; [&hellip;]<\/p>\n","protected":false},"author":1,"featured_media":0,"parent":0,"menu_order":0,"comment_status":"closed","ping_status":"closed","template":"","meta":{"_acf_changed":false,"_et_pb_use_builder":"on","_et_pb_old_content":"","_et_gb_content_width":"","footnotes":""},"class_list":["post-64067","page","type-page","status-publish","hentry"],"acf":[],"publishpress_future_action":{"enabled":false,"date":"2026-05-21 06:28:08","action":"change-status","newStatus":"draft","terms":[],"taxonomy":"translation_priority","extraData":[]},"publishpress_future_workflow_manual_trigger":{"enabledWorkflows":[]},"_links":{"self":[{"href":"https:\/\/turismegirones.cat\/en\/wp-json\/wp\/v2\/pages\/64067","targetHints":{"allow":["GET"]}}],"collection":[{"href":"https:\/\/turismegirones.cat\/en\/wp-json\/wp\/v2\/pages"}],"about":[{"href":"https:\/\/turismegirones.cat\/en\/wp-json\/wp\/v2\/types\/page"}],"author":[{"embeddable":true,"href":"https:\/\/turismegirones.cat\/en\/wp-json\/wp\/v2\/users\/1"}],"replies":[{"embeddable":true,"href":"https:\/\/turismegirones.cat\/en\/wp-json\/wp\/v2\/comments?post=64067"}],"version-history":[{"count":2,"href":"https:\/\/turismegirones.cat\/en\/wp-json\/wp\/v2\/pages\/64067\/revisions"}],"predecessor-version":[{"id":64069,"href":"https:\/\/turismegirones.cat\/en\/wp-json\/wp\/v2\/pages\/64067\/revisions\/64069"}],"wp:attachment":[{"href":"https:\/\/turismegirones.cat\/en\/wp-json\/wp\/v2\/media?parent=64067"}],"curies":[{"name":"wp","href":"https:\/\/api.w.org\/{rel}","templated":true}]}}